{"id":943,"date":"2020-11-06T04:32:03","date_gmt":"2020-11-06T04:32:03","guid":{"rendered":"https:\/\/jazar-systems.com\/mx\/?page_id=943"},"modified":"2025-05-22T19:21:00","modified_gmt":"2025-05-22T19:21:00","slug":"nosotros","status":"publish","type":"page","link":"https:\/\/jazar-systems.com\/mx\/nosotros\/","title":{"rendered":"Acerca de Nosotros"},"content":{"rendered":"<p>[et_pb_section fb_built=\u00bb1&#8243; _builder_version=\u00bb4.27.4&#8243; _module_preset=\u00bbdefault\u00bb background_image=\u00bbhttps:\/\/jazar-systems.com\/mx\/wp-content\/uploads\/2025\/05\/testeo.png\u00bb width_tablet=\u00bb\u00bb width_phone=\u00bb\u00bb width_last_edited=\u00bbon|tablet\u00bb module_alignment=\u00bbcenter\u00bb min_height=\u00bb450px\u00bb min_height_tablet=\u00bb250px\u00bb min_height_phone=\u00bb\u00bb min_height_last_edited=\u00bbon|phone\u00bb hover_enabled=\u00bb0&#8243; locked=\u00bboff\u00bb global_colors_info=\u00bb{}\u00bb min_height__hover_enabled=\u00bboff|desktop\u00bb background_last_edited=\u00bbon|tablet\u00bb background_position_tablet=\u00bbtop_right\u00bb sticky_enabled=\u00bb0&#8243; background_position_phone=\u00bbtop_center\u00bb][et_pb_row _builder_version=\u00bb4.27.4&#8243; _module_preset=\u00bbdefault\u00bb global_colors_info=\u00bb{}\u00bb][et_pb_column type=\u00bb4_4&#8243; _builder_version=\u00bb4.27.4&#8243; _module_preset=\u00bbdefault\u00bb global_colors_info=\u00bb{}\u00bb][et_pb_text _builder_version=\u00bb4.27.4&#8243; _module_preset=\u00bbdefault\u00bb text_font=\u00bbSource Serif Pro||||||||\u00bb text_text_color=\u00bb#757575&#8243; text_font_size=\u00bb40px\u00bb text_line_height=\u00bb1em\u00bb text_orientation=\u00bbcenter\u00bb animation_style=\u00bbflip\u00bb global_colors_info=\u00bb{}\u00bb]<\/p>\n<p># Acerca de <span style=\"color: #000000;\">nosotros<\/span><\/p>\n<p>[\/et_pb_text][et_pb_text _builder_version=\u00bb4.27.4&#8243; _module_preset=\u00bbdefault\u00bb sticky_enabled=\u00bb0&#8243; text_font=\u00bbLibre Franklin|300|||||||\u00bb text_text_color=\u00bb#212121&#8243; text_font_size=\u00bb20px\u00bb text_line_height=\u00bb1em\u00bb text_line_height_tablet=\u00bb1em\u00bb text_line_height_phone=\u00bb1.1em\u00bb text_line_height_last_edited=\u00bbon|phone\u00bb text_orientation=\u00bbcenter\u00bb custom_margin=\u00bb0px||5px||false|false\u00bb animation_style=\u00bbflip\u00bb hover_enabled=\u00bb0&#8243; content_last_edited=\u00bbon|phone\u00bb content_phone=\u00bb<\/p>\n<p>Jazar Systems empresa con sede en M\u00e9xico dedicada a la consultor\u00eda, desarrollo e implementaci\u00f3n de soluciones empresariales en Tecnolog\u00edas de\u00a0la\u00a0Informaci\u00f3n.<\/p>\n<p>\u00bb module_alignment=\u00bbcenter\u00bb width_last_edited=\u00bbon|desktop\u00bb width=\u00bb600px\u00bb width_tablet=\u00bb500px\u00bb width_phone=\u00bbauto\u00bb content_tablet=\u00bb<\/p>\n<p style=%22text-align: center;%22>Jazar Systems empresa con sede en M\u00e9xico dedicada a la consultor\u00eda, desarrollo e implementaci\u00f3n de soluciones empresariales en Tecnolog\u00edas de\u00a0la\u00a0Informaci\u00f3n.<\/p>\n<p>\u00ab]<\/p>\n<p style=\"text-align: center;\">Jazar Systems empresa con sede en M\u00e9xico dedicada a la consultor\u00eda, desarrollo e implementaci\u00f3n de soluciones empresariales en Tecnolog\u00edas de\u00a0la\u00a0Informaci\u00f3n.<\/p>\n<p>[\/et_pb_text][\/et_pb_column][\/et_pb_row][\/et_pb_section][et_pb_section fb_built=\u00bb1&#8243; _builder_version=\u00bb4.27.4&#8243; background_color=\u00bb#f8fbfe\u00bb custom_padding=\u00bb50px||0px||false|false\u00bb global_colors_info=\u00bb{}\u00bb][et_pb_row column_structure=\u00bb1_2,1_2&#8243; admin_label=\u00bbRight Sided Image\u00bb _builder_version=\u00bb4.16&#8243; custom_padding=\u00bb0px|0px|60px|0px||\u00bb global_colors_info=\u00bb{}\u00bb][et_pb_column type=\u00bb1_2&#8243; _builder_version=\u00bb4.16&#8243; _module_preset=\u00bbdefault\u00bb global_colors_info=\u00bb{}\u00bb][et_pb_image src=\u00bbhttps:\/\/jazar-systems.com\/mx\/wp-content\/uploads\/2020\/11\/filosofia.jpg\u00bb title_text=\u00bbfilosofia\u00bb _builder_version=\u00bb4.16&#8243; _module_preset=\u00bbdefault\u00bb animation_style=\u00bbzoom\u00bb animation_delay=\u00bb100ms\u00bb animation_intensity_zoom=\u00bb20%\u00bb global_colors_info=\u00bb{}\u00bb][\/et_pb_image][\/et_pb_column][et_pb_column type=\u00bb1_2&#8243; _builder_version=\u00bb4.16&#8243; custom_padding=\u00bb|||\u00bb global_colors_info=\u00bb{}\u00bb custom_padding__hover=\u00bb|||\u00bb][et_pb_text _builder_version=\u00bb4.27.4&#8243; _module_preset=\u00bbdefault\u00bb text_font=\u00bbSource Serif Pro||||||||\u00bb text_text_color=\u00bb#757575&#8243; text_font_size=\u00bb32px\u00bb text_line_height=\u00bb1em\u00bb animation_style=\u00bbflip\u00bb locked=\u00bboff\u00bb global_colors_info=\u00bb{}\u00bb]<\/p>\n<p><span style=\"color: #000000;\">Nuestra<\/span> filosof\u00eda.<\/p>\n<p>[\/et_pb_text][et_pb_text _builder_version=\u00bb4.27.4&#8243; text_font=\u00bbLibre Franklin||||||||\u00bb text_text_color=\u00bb#212121&#8243; text_font_size=\u00bb18px\u00bb text_line_height=\u00bb1.8em\u00bb header_font=\u00bbSource Serif Pro||||||||\u00bb header_text_align=\u00bbleft\u00bb header_text_color=\u00bb#535b7c\u00bb header_font_size=\u00bb32px\u00bb header_line_height=\u00bb1.4em\u00bb header_2_font=\u00bbNunito Sans|700|||||||\u00bb header_2_text_color=\u00bb#535b7c\u00bb header_2_font_size=\u00bb35px\u00bb header_2_line_height=\u00bb1.3em\u00bb text_orientation=\u00bbjustified\u00bb max_width=\u00bb700px\u00bb module_alignment=\u00bbcenter\u00bb custom_margin=\u00bb||||false|false\u00bb custom_padding=\u00bb0px|||||\u00bb animation_style=\u00bbzoom\u00bb animation_intensity_zoom=\u00bb6%\u00bb global_colors_info=\u00bb{}\u00bb]<\/p>\n<p>La filosof\u00eda de emprendimiento Win to Win es adoptada por Jazar Systems y se centra en establecer relaciones bilaterales de crecimiento con nuestros clientes: \u201csi nuestros clientes ganan, nosotros tambi\u00e9n ganamos\u201d. Siempre buscando una relaci\u00f3n a largo plazo basada en un beneficio mutuo para ambas partes.<\/p>\n<p>[\/et_pb_text][\/et_pb_column][\/et_pb_row][et_pb_row column_structure=\u00bb1_2,1_2&#8243; admin_label=\u00bbRight Sided Image\u00bb _builder_version=\u00bb4.16&#8243; custom_padding=\u00bb0px|0px|60px|0px||\u00bb global_colors_info=\u00bb{}\u00bb][et_pb_column type=\u00bb1_2&#8243; _builder_version=\u00bb4.16&#8243; custom_padding=\u00bb|||\u00bb global_colors_info=\u00bb{}\u00bb custom_padding__hover=\u00bb|||\u00bb][et_pb_text _builder_version=\u00bb4.27.4&#8243; _module_preset=\u00bbdefault\u00bb text_font=\u00bbSource Serif Pro||||||||\u00bb text_text_color=\u00bb#757575&#8243; text_font_size=\u00bb32px\u00bb text_line_height=\u00bb1em\u00bb animation_style=\u00bbflip\u00bb locked=\u00bboff\u00bb global_colors_info=\u00bb{}\u00bb]<\/p>\n<p><span style=\"color: #000000;\">Nuestra<\/span> experiencia.<\/p>\n<p>[\/et_pb_text][et_pb_text _builder_version=\u00bb4.27.4&#8243; text_font=\u00bbLibre Franklin||||||||\u00bb text_text_color=\u00bb#212121&#8243; text_font_size=\u00bb18px\u00bb text_line_height=\u00bb1.8em\u00bb header_font=\u00bbSource Serif Pro||||||||\u00bb header_text_align=\u00bbleft\u00bb header_text_color=\u00bb#535b7c\u00bb header_font_size=\u00bb32px\u00bb header_line_height=\u00bb1.4em\u00bb header_2_font=\u00bbNunito Sans|700|||||||\u00bb header_2_text_color=\u00bb#535b7c\u00bb header_2_font_size=\u00bb35px\u00bb header_2_line_height=\u00bb1.3em\u00bb text_orientation=\u00bbjustified\u00bb max_width=\u00bb700px\u00bb module_alignment=\u00bbcenter\u00bb custom_margin=\u00bb||||false|false\u00bb custom_padding=\u00bb0px|||||\u00bb animation_style=\u00bbzoom\u00bb animation_intensity_zoom=\u00bb6%\u00bb global_colors_info=\u00bb{}\u00bb]<\/p>\n<p>Desde el 2010 nuestros consultores e ingenieros han desarrollado e implementado soluciones enfocadas a la optimizaci\u00f3n del trabajo digital en las empresas, fomentando as\u00ed la introducci\u00f3n de nuevas tecnolog\u00edas al mercado mexicano.<\/p>\n<p>[\/et_pb_text][\/et_pb_column][et_pb_column type=\u00bb1_2&#8243; _builder_version=\u00bb4.16&#8243; custom_padding=\u00bb|||\u00bb global_colors_info=\u00bb{}\u00bb custom_padding__hover=\u00bb|||\u00bb][et_pb_image src=\u00bbhttps:\/\/jazar-systems.com\/mx\/wp-content\/uploads\/2020\/11\/experiencia.jpg\u00bb title_text=\u00bbexperiencia\u00bb _builder_version=\u00bb4.16&#8243; _module_preset=\u00bbdefault\u00bb animation_style=\u00bbzoom\u00bb animation_delay=\u00bb100ms\u00bb animation_intensity_zoom=\u00bb20%\u00bb global_colors_info=\u00bb{}\u00bb][\/et_pb_image][\/et_pb_column][\/et_pb_row][et_pb_row column_structure=\u00bb1_2,1_2&#8243; admin_label=\u00bbLeft Sided Image\u00bb _builder_version=\u00bb4.16&#8243; custom_padding=\u00bb0px|0px|60px|0px||\u00bb global_colors_info=\u00bb{}\u00bb][et_pb_column type=\u00bb1_2&#8243; _builder_version=\u00bb4.16&#8243; custom_padding=\u00bb|||\u00bb global_colors_info=\u00bb{}\u00bb custom_padding__hover=\u00bb|||\u00bb][et_pb_image src=\u00bbhttps:\/\/jazar-systems.com\/mx\/wp-content\/uploads\/2020\/11\/mision.jpg\u00bb title_text=\u00bbmision\u00bb _builder_version=\u00bb4.16&#8243; _module_preset=\u00bbdefault\u00bb animation_style=\u00bbzoom\u00bb animation_delay=\u00bb100ms\u00bb animation_intensity_zoom=\u00bb20%\u00bb global_colors_info=\u00bb{}\u00bb][\/et_pb_image][\/et_pb_column][et_pb_column type=\u00bb1_2&#8243; _builder_version=\u00bb4.16&#8243; custom_padding=\u00bb|||\u00bb global_colors_info=\u00bb{}\u00bb custom_padding__hover=\u00bb|||\u00bb][et_pb_text _builder_version=\u00bb4.27.4&#8243; _module_preset=\u00bbdefault\u00bb text_font=\u00bbSource Serif Pro||||||||\u00bb text_text_color=\u00bb#757575&#8243; text_font_size=\u00bb32px\u00bb text_line_height=\u00bb1em\u00bb animation_style=\u00bbflip\u00bb locked=\u00bboff\u00bb global_colors_info=\u00bb{}\u00bb]<\/p>\n<p>Misi\u00f3n.<\/p>\n<p>[\/et_pb_text][et_pb_text _builder_version=\u00bb4.27.4&#8243; text_font=\u00bbLibre Franklin||||||||\u00bb text_text_color=\u00bb#212121&#8243; text_font_size=\u00bb18px\u00bb text_line_height=\u00bb1.8em\u00bb header_font=\u00bbSource Serif Pro||||||||\u00bb header_text_align=\u00bbleft\u00bb header_text_color=\u00bb#535b7c\u00bb header_font_size=\u00bb32px\u00bb header_line_height=\u00bb1.4em\u00bb header_2_font=\u00bbNunito Sans|700|||||||\u00bb header_2_text_color=\u00bb#535b7c\u00bb header_2_font_size=\u00bb35px\u00bb header_2_line_height=\u00bb1.3em\u00bb text_orientation=\u00bbjustified\u00bb max_width=\u00bb700px\u00bb module_alignment=\u00bbcenter\u00bb custom_margin=\u00bb||||false|false\u00bb custom_padding=\u00bb0px|||||\u00bb animation_style=\u00bbzoom\u00bb animation_intensity_zoom=\u00bb6%\u00bb global_colors_info=\u00bb{}\u00bb]<\/p>\n<p>Jazar Systems tiene un compromiso con las empresas mexicanas, la misi\u00f3n de fomentar el crecimiento de las organizaciones mediante la introducci\u00f3n de las nuevas tecnolog\u00edas de la informaci\u00f3n a un precio justo.<\/p>\n<p>[\/et_pb_text][\/et_pb_column][\/et_pb_row][et_pb_row column_structure=\u00bb1_2,1_2&#8243; admin_label=\u00bbRight Sided Image\u00bb _builder_version=\u00bb4.16&#8243; custom_padding=\u00bb0px|0px|60px|0px||\u00bb global_colors_info=\u00bb{}\u00bb][et_pb_column type=\u00bb1_2&#8243; _builder_version=\u00bb4.16&#8243; custom_padding=\u00bb|||\u00bb global_colors_info=\u00bb{}\u00bb custom_padding__hover=\u00bb|||\u00bb][et_pb_text _builder_version=\u00bb4.27.4&#8243; _module_preset=\u00bbdefault\u00bb text_font=\u00bbSource Serif Pro||||||||\u00bb text_text_color=\u00bb#757575&#8243; text_font_size=\u00bb32px\u00bb text_line_height=\u00bb1em\u00bb animation_style=\u00bbflip\u00bb locked=\u00bboff\u00bb global_colors_info=\u00bb{}\u00bb]<\/p>\n<p><span style=\"color: #000000;\">Visi\u00f3n<\/span> 2030.<\/p>\n<p>[\/et_pb_text][et_pb_text _builder_version=\u00bb4.27.4&#8243; text_font=\u00bbLibre Franklin||||||||\u00bb text_text_color=\u00bb#212121&#8243; text_font_size=\u00bb18px\u00bb text_line_height=\u00bb1.8em\u00bb header_font=\u00bbSource Serif Pro||||||||\u00bb header_text_align=\u00bbleft\u00bb header_text_color=\u00bb#535b7c\u00bb header_font_size=\u00bb32px\u00bb header_line_height=\u00bb1.4em\u00bb header_2_font=\u00bbNunito Sans|700|||||||\u00bb header_2_text_color=\u00bb#535b7c\u00bb header_2_font_size=\u00bb35px\u00bb header_2_line_height=\u00bb1.3em\u00bb text_orientation=\u00bbjustified\u00bb max_width=\u00bb700px\u00bb module_alignment=\u00bbcenter\u00bb custom_margin=\u00bb||||false|false\u00bb custom_padding=\u00bb0px|||||\u00bb animation_style=\u00bbzoom\u00bb animation_intensity_zoom=\u00bb6%\u00bb global_colors_info=\u00bb{}\u00bb]<\/p>\n<p>Jazar Systems habr\u00e1 fomentado el crecimiento de las organizaciones que brindaron su confianza en nuestra empresa, creciendo junto con nuestros clientes coloc\u00e1ndolos como competidores rentables en sus respectivos giros.<\/p>\n<p>[\/et_pb_text][\/et_pb_column][et_pb_column type=\u00bb1_2&#8243; _builder_version=\u00bb4.16&#8243; custom_padding=\u00bb|||\u00bb global_colors_info=\u00bb{}\u00bb custom_padding__hover=\u00bb|||\u00bb][et_pb_image src=\u00bbhttps:\/\/jazar-systems.com\/mx\/wp-content\/uploads\/2020\/11\/vision.jpg\u00bb title_text=\u00bbvision\u00bb _builder_version=\u00bb4.16&#8243; _module_preset=\u00bbdefault\u00bb animation_style=\u00bbzoom\u00bb animation_delay=\u00bb100ms\u00bb animation_intensity_zoom=\u00bb20%\u00bb global_colors_info=\u00bb{}\u00bb][\/et_pb_image][\/et_pb_column][\/et_pb_row][\/et_pb_section][et_pb_section fb_built=\u00bb1&#8243; admin_label=\u00bbTestimonial\u00bb _builder_version=\u00bb4.16&#8243; custom_padding=\u00bb0px|0px|50px|0px||\u00bb global_colors_info=\u00bb{}\u00bb][et_pb_row admin_label=\u00bbTestimonial Row\u00bb _builder_version=\u00bb4.16&#8243; global_colors_info=\u00bb{}\u00bb][et_pb_column type=\u00bb4_4&#8243; _builder_version=\u00bb4.16&#8243; custom_padding=\u00bb|||\u00bb global_colors_info=\u00bb{}\u00bb custom_padding__hover=\u00bb|||\u00bb][et_pb_blurb title=\u00bb%22Si he logrado ver mas lejos, ha sido porque he subido a hombros de gigantes.%22&#8243; admin_label=\u00bbTestimonial\u00bb _builder_version=\u00bb4.27.4&#8243; header_level=\u00bbh2&#8243; header_font=\u00bbLibre Franklin|700|||||||\u00bb header_text_color=\u00bb#757575&#8243; header_line_height=\u00bb1.4em\u00bb body_font=\u00bbSource Serif Pro|600|||||||\u00bb body_text_color=\u00bb#959baf\u00bb body_font_size=\u00bb16px\u00bb background_image=\u00bbhttps:\/\/jazar-systems.com\/mx\/wp-content\/uploads\/2020\/11\/quote-bg.png\u00bb background_size=\u00bbinitial\u00bb text_orientation=\u00bbcenter\u00bb animation_style=\u00bbzoom\u00bb animation_intensity_zoom=\u00bb6%\u00bb global_colors_info=\u00bb{}\u00bb]<\/p>\n<p>&#8211;\u00a0<span style=\"font-size: 16px; text-align: left;\">Sir Isaac Newton<\/span><\/p>\n<p>[\/et_pb_blurb][\/et_pb_column][\/et_pb_row][\/et_pb_section][et_pb_section fb_built=\u00bb1&#8243; _builder_version=\u00bb4.27.4&#8243; _module_preset=\u00bbdefault\u00bb background_image=\u00bbhttps:\/\/jazar-systems.com\/mx\/wp-content\/uploads\/2025\/05\/notes.png\u00bb min_height=\u00bb300px\u00bb min_height_tablet=\u00bb300px\u00bb min_height_phone=\u00bb300px\u00bb min_height_last_edited=\u00bbon|phone\u00bb locked=\u00bboff\u00bb global_colors_info=\u00bb{}\u00bb][et_pb_row column_structure=\u00bb1_2,1_2&#8243; _builder_version=\u00bb4.27.4&#8243; _module_preset=\u00bbdefault\u00bb global_colors_info=\u00bb{}\u00bb][et_pb_column type=\u00bb1_2&#8243; _builder_version=\u00bb4.27.4&#8243; _module_preset=\u00bbdefault\u00bb global_colors_info=\u00bb{}\u00bb][et_pb_text _builder_version=\u00bb4.27.4&#8243; _module_preset=\u00bbdefault\u00bb text_font=\u00bbSource Serif Pro||||||||\u00bb text_text_color=\u00bb#757575&#8243; text_font_size=\u00bb32px\u00bb text_line_height=\u00bb1em\u00bb animation_style=\u00bbflip\u00bb locked=\u00bboff\u00bb global_colors_info=\u00bb{}\u00bb]<\/p>\n<p>\u00bf<span style=\"color: #000000;\">Listo<\/span> para comenzar?<\/p>\n<p>[\/et_pb_text][et_pb_text _builder_version=\u00bb4.27.4&#8243; _module_preset=\u00bbdefault\u00bb text_font=\u00bbLibre Franklin|300|||||||\u00bb text_text_color=\u00bb#212121&#8243; text_font_size=\u00bb20px\u00bb text_line_height=\u00bb1em\u00bb custom_margin=\u00bb0px||5px||false|false\u00bb animation_style=\u00bbflip\u00bb locked=\u00bboff\u00bb global_colors_info=\u00bb{}\u00bb]<\/p>\n<p>Haz crecer tu negocio. \u00a1Ya!<\/p>\n<p>[\/et_pb_text][\/et_pb_column][et_pb_column type=\u00bb1_2&#8243; _builder_version=\u00bb4.27.4&#8243; _module_preset=\u00bbdefault\u00bb global_colors_info=\u00bb{}\u00bb][et_pb_button button_url=\u00bbhttps:\/\/jazar-systems.com\/mx\/contacto\/\u00bb url_new_window=\u00bbon\u00bb button_text=\u00bb\u00a1ASESOR\u00cdA GRATUITA!\u00bb button_alignment=\u00bbcenter\u00bb button_alignment_tablet=\u00bbleft\u00bb button_alignment_phone=\u00bbleft\u00bb button_alignment_last_edited=\u00bbon|desktop\u00bb _builder_version=\u00bb4.27.4&#8243; _module_preset=\u00bbdefault\u00bb custom_button=\u00bbon\u00bb button_text_size=\u00bb18px\u00bb button_text_color=\u00bb#FFFFFF\u00bb button_bg_color=\u00bb#757575&#8243; button_border_color=\u00bb#757575&#8243; button_border_radius=\u00bb20px\u00bb button_font=\u00bb|300|||||||\u00bb animation_style=\u00bbflip\u00bb locked=\u00bboff\u00bb global_colors_info=\u00bb{}\u00bb][\/et_pb_button][\/et_pb_column][\/et_pb_row][\/et_pb_section]<\/p>\n","protected":false},"excerpt":{"rendered":"<p># Acerca de nosotrosJazar Systems empresa con sede en M\u00e9xico dedicada a la consultor\u00eda, desarrollo e implementaci\u00f3n de soluciones empresariales en Tecnolog\u00edas de\u00a0la\u00a0Informaci\u00f3n.Nuestra filosof\u00eda.La filosof\u00eda de emprendimiento Win to Win es adoptada por Jazar Systems y se centra en establecer relaciones bilaterales de crecimiento con nuestros clientes: \u201csi nuestros clientes ganan, nosotros tambi\u00e9n ganamos\u201d. Siempre [&hellip;]<\/p>\n","protected":false},"author":1,"featured_media":0,"parent":0,"menu_order":0,"comment_status":"closed","ping_status":"closed","template":"","meta":{"_et_pb_use_builder":"on","_et_pb_old_content":"","_et_gb_content_width":"","footnotes":""},"class_list":["post-943","page","type-page","status-publish","hentry"],"_links":{"self":[{"href":"https:\/\/jazar-systems.com\/mx\/wp-json\/wp\/v2\/pages\/943","targetHints":{"allow":["GET"]}}],"collection":[{"href":"https:\/\/jazar-systems.com\/mx\/wp-json\/wp\/v2\/pages"}],"about":[{"href":"https:\/\/jazar-systems.com\/mx\/wp-json\/wp\/v2\/types\/page"}],"author":[{"embeddable":true,"href":"https:\/\/jazar-systems.com\/mx\/wp-json\/wp\/v2\/users\/1"}],"replies":[{"embeddable":true,"href":"https:\/\/jazar-systems.com\/mx\/wp-json\/wp\/v2\/comments?post=943"}],"version-history":[{"count":22,"href":"https:\/\/jazar-systems.com\/mx\/wp-json\/wp\/v2\/pages\/943\/revisions"}],"predecessor-version":[{"id":1312,"href":"https:\/\/jazar-systems.com\/mx\/wp-json\/wp\/v2\/pages\/943\/revisions\/1312"}],"wp:attachment":[{"href":"https:\/\/jazar-systems.com\/mx\/wp-json\/wp\/v2\/media?parent=943"}],"curies":[{"name":"wp","href":"https:\/\/api.w.org\/{rel}","templated":true}]}}