{"id":516,"date":"2020-11-03T20:41:42","date_gmt":"2020-11-03T20:41:42","guid":{"rendered":"https:\/\/jazar-systems.com\/mx\/?page_id=516"},"modified":"2025-05-20T20:52:53","modified_gmt":"2025-05-20T20:52:53","slug":"privacidad","status":"publish","type":"page","link":"https:\/\/jazar-systems.com\/mx\/privacidad\/","title":{"rendered":"Aviso de Privacidad"},"content":{"rendered":"<p>[et_pb_section fb_built=\u00bb1&#8243; _builder_version=\u00bb4.16&#8243; _module_preset=\u00bbdefault\u00bb global_colors_info=\u00bb{}\u00bb][et_pb_row _builder_version=\u00bb4.16&#8243; _module_preset=\u00bbdefault\u00bb global_colors_info=\u00bb{}\u00bb][et_pb_column type=\u00bb4_4&#8243; _builder_version=\u00bb4.16&#8243; _module_preset=\u00bbdefault\u00bb global_colors_info=\u00bb{}\u00bb][et_pb_text _builder_version=\u00bb4.16&#8243; _module_preset=\u00bbdefault\u00bb global_colors_info=\u00bb{}\u00bb]<\/p>\n<h1 style=\"font-weight: 500; text-align: center;\"><strong>Aviso de Privacidad<\/strong><\/h1>\n<p>&nbsp;<\/p>\n<p>Jazar Systems S.A.S de C.V, con domicilio en Santa Ana 1, Barrio de Guadalupe, Los Reyes Acozac, Tec\u00e1mac,\u00a0 Estado de M\u00e9xico, M\u00e9xico,\u00a0 C.P. 55755, y portal de internet www.jazar-systems.com, es el responsable del uso y protecci\u00f3n de sus datos personales, y al respecto le informamos lo siguiente:<\/p>\n<p>Los datos personales que recabamos de usted, los utilizaremos para las siguientes finalidades que son necesarias para el servicio que solicita:<\/p>\n<ul>\n<li>Proveer los servicios solicitados<\/li>\n<li>Verificar y validar su identidad y situaci\u00f3n fiscal<\/li>\n<li>Evaluar la calidad del servicio que le brindamos<\/li>\n<li>Prospecci\u00f3n comercial<\/li>\n<\/ul>\n<p>De manera adicional, utilizaremos su informaci\u00f3n personal para las siguientes finalidades secundarias que no son necesarias para el servicio solicitado, pero que nos permiten y facilitan brindarle una mejor atenci\u00f3n:<\/p>\n<ul>\n<li>Notificar cambios o novedades de los servicios solicitados<\/li>\n<li>Mercadotecnia o publicitaria<\/li>\n<\/ul>\n<p>En caso de que no desee que sus datos personales sean tratados para estos fines secundarios, desde este momento usted nos puede comunicar lo anterior a trav\u00e9s del siguiente mecanismo:<\/p>\n<ul>\n<li>Enviar un correo a contacto@jazar-systems.com manifestando su negativa para que los datos sean eliminados.<\/li>\n<\/ul>\n<p>La negativa para el uso de sus datos personales para estas finalidades no podr\u00e1 ser un motivo para que le neguemos los servicios y productos que solicita o contrata con nosotros.<\/p>\n<p>Para conocer mayor informaci\u00f3n sobre los t\u00e9rminos y condiciones en que ser\u00e1n tratados sus datos personales, como los terceros con quienes compartimos su informaci\u00f3n personal y la forma en que podr\u00e1 ejercer sus derechos ARCO, puede consultar el aviso de privacidad integral<span>\u00a0<\/span><a href=\"http:\/\/jazar-systems.com\/docs\/aviso_privacidad_integrado.pdf\" target=\"_blank\" rel=\"noopener noreferrer\">aqui<\/a>.<\/p>\n<p>[\/et_pb_text][\/et_pb_column][\/et_pb_row][\/et_pb_section][et_pb_section fb_built=\u00bb1&#8243; _builder_version=\u00bb4.27.4&#8243; _module_preset=\u00bbdefault\u00bb background_image=\u00bbhttps:\/\/jazar-systems.com\/mx\/wp-content\/uploads\/2025\/05\/notes.png\u00bb min_height=\u00bb300px\u00bb min_height_tablet=\u00bb300px\u00bb min_height_phone=\u00bb300px\u00bb min_height_last_edited=\u00bbon|phone\u00bb hover_enabled=\u00bb0&#8243; locked=\u00bboff\u00bb global_colors_info=\u00bb{}\u00bb sticky_enabled=\u00bb0&#8243;][et_pb_row column_structure=\u00bb1_2,1_2&#8243; _builder_version=\u00bb4.27.4&#8243; _module_preset=\u00bbdefault\u00bb global_colors_info=\u00bb{}\u00bb][et_pb_column type=\u00bb1_2&#8243; _builder_version=\u00bb4.27.4&#8243; _module_preset=\u00bbdefault\u00bb global_colors_info=\u00bb{}\u00bb][et_pb_text _builder_version=\u00bb4.27.4&#8243; _module_preset=\u00bbdefault\u00bb text_font=\u00bbSource Serif Pro||||||||\u00bb text_text_color=\u00bb#757575&#8243; text_font_size=\u00bb32px\u00bb text_line_height=\u00bb1em\u00bb animation_style=\u00bbflip\u00bb locked=\u00bboff\u00bb global_colors_info=\u00bb{}\u00bb]<\/p>\n<p>\u00bf<span style=\"color: #000000;\">Listo<\/span> para comenzar?<\/p>\n<p>[\/et_pb_text][et_pb_text _builder_version=\u00bb4.27.4&#8243; _module_preset=\u00bbdefault\u00bb text_font=\u00bbLibre Franklin|300|||||||\u00bb text_text_color=\u00bb#212121&#8243; text_font_size=\u00bb20px\u00bb text_line_height=\u00bb1em\u00bb custom_margin=\u00bb0px||5px||false|false\u00bb animation_style=\u00bbflip\u00bb locked=\u00bboff\u00bb global_colors_info=\u00bb{}\u00bb]<\/p>\n<p>Haz crecer tu negocio. \u00a1Ya!<\/p>\n<p>[\/et_pb_text][\/et_pb_column][et_pb_column type=\u00bb1_2&#8243; _builder_version=\u00bb4.27.4&#8243; _module_preset=\u00bbdefault\u00bb global_colors_info=\u00bb{}\u00bb][et_pb_button button_url=\u00bbhttps:\/\/jazar-systems.com\/mx\/contacto\/\u00bb url_new_window=\u00bbon\u00bb button_text=\u00bb\u00a1ASESOR\u00cdA GRATUITA!\u00bb button_alignment=\u00bbcenter\u00bb button_alignment_tablet=\u00bbleft\u00bb button_alignment_phone=\u00bbleft\u00bb button_alignment_last_edited=\u00bbon|desktop\u00bb _builder_version=\u00bb4.27.4&#8243; _module_preset=\u00bbdefault\u00bb custom_button=\u00bbon\u00bb button_text_size=\u00bb18px\u00bb button_text_color=\u00bb#FFFFFF\u00bb button_bg_color=\u00bb#757575&#8243; button_border_color=\u00bb#757575&#8243; button_border_radius=\u00bb20px\u00bb button_font=\u00bb|300|||||||\u00bb animation_style=\u00bbflip\u00bb locked=\u00bboff\u00bb global_colors_info=\u00bb{}\u00bb][\/et_pb_button][\/et_pb_column][\/et_pb_row][\/et_pb_section]<\/p>\n","protected":false},"excerpt":{"rendered":"<p>Aviso de Privacidad &nbsp; Jazar Systems S.A.S de C.V, con domicilio en Santa Ana 1, Barrio de Guadalupe, Los Reyes Acozac, Tec\u00e1mac,\u00a0 Estado de M\u00e9xico, M\u00e9xico,\u00a0 C.P. 55755, y portal de internet www.jazar-systems.com, es el responsable del uso y protecci\u00f3n de sus datos personales, y al respecto le informamos lo siguiente: Los datos personales que [&hellip;]<\/p>\n","protected":false},"author":1,"featured_media":0,"parent":0,"menu_order":0,"comment_status":"closed","ping_status":"closed","template":"","meta":{"_et_pb_use_builder":"on","_et_pb_old_content":"","_et_gb_content_width":"","footnotes":""},"class_list":["post-516","page","type-page","status-publish","hentry"],"_links":{"self":[{"href":"https:\/\/jazar-systems.com\/mx\/wp-json\/wp\/v2\/pages\/516","targetHints":{"allow":["GET"]}}],"collection":[{"href":"https:\/\/jazar-systems.com\/mx\/wp-json\/wp\/v2\/pages"}],"about":[{"href":"https:\/\/jazar-systems.com\/mx\/wp-json\/wp\/v2\/types\/page"}],"author":[{"embeddable":true,"href":"https:\/\/jazar-systems.com\/mx\/wp-json\/wp\/v2\/users\/1"}],"replies":[{"embeddable":true,"href":"https:\/\/jazar-systems.com\/mx\/wp-json\/wp\/v2\/comments?post=516"}],"version-history":[{"count":9,"href":"https:\/\/jazar-systems.com\/mx\/wp-json\/wp\/v2\/pages\/516\/revisions"}],"predecessor-version":[{"id":1303,"href":"https:\/\/jazar-systems.com\/mx\/wp-json\/wp\/v2\/pages\/516\/revisions\/1303"}],"wp:attachment":[{"href":"https:\/\/jazar-systems.com\/mx\/wp-json\/wp\/v2\/media?parent=516"}],"curies":[{"name":"wp","href":"https:\/\/api.w.org\/{rel}","templated":true}]}}