{"id":1326,"date":"2025-06-25T20:20:02","date_gmt":"2025-06-25T20:20:02","guid":{"rendered":"https:\/\/jazar-systems.com\/mx\/?page_id=1326"},"modified":"2025-07-04T21:05:12","modified_gmt":"2025-07-04T21:05:12","slug":"daflynwd","status":"publish","type":"page","link":"https:\/\/jazar-systems.com\/mx\/daflynwd\/","title":{"rendered":"DaflynWD"},"content":{"rendered":"<p>[et_pb_section fb_built=\u00bb1&#8243; _builder_version=\u00bb4.27.4&#8243; _module_preset=\u00bbdefault\u00bb background_image=\u00bbhttps:\/\/jazar-systems.com\/mx\/wp-content\/uploads\/2025\/06\/daflynwd_img4.png\u00bb module_alignment=\u00bbcenter\u00bb min_height=\u00bb550px\u00bb min_height_tablet=\u00bb\u00bb min_height_phone=\u00bb\u00bb min_height_last_edited=\u00bbon|desktop\u00bb animation_style=\u00bbflip\u00bb global_colors_info=\u00bb{}\u00bb][et_pb_row _builder_version=\u00bb4.27.4&#8243; _module_preset=\u00bbdefault\u00bb global_colors_info=\u00bb{}\u00bb][et_pb_column type=\u00bb4_4&#8243; _builder_version=\u00bb4.27.4&#8243; _module_preset=\u00bbdefault\u00bb global_colors_info=\u00bb{}\u00bb][et_pb_text _builder_version=\u00bb4.27.4&#8243; _module_preset=\u00bbdefault\u00bb text_font=\u00bbBelleza||||||||\u00bb text_text_color=\u00bb#081011&#8243; text_font_size=\u00bb70px\u00bb text_line_height=\u00bb1em\u00bb text_orientation=\u00bbright\u00bb custom_padding=\u00bb50px|210px|||false|false\u00bb custom_padding_tablet=\u00bb|0px|||false|false\u00bb custom_padding_phone=\u00bb|0px|||false|false\u00bb custom_padding_last_edited=\u00bbon|desktop\u00bb text_font_size_tablet=\u00bb60px\u00bb text_font_size_phone=\u00bb40px\u00bb text_font_size_last_edited=\u00bbon|desktop\u00bb global_colors_info=\u00bb{}\u00bb]<\/p>\n<p>DAFLYN<\/p>\n<p>[\/et_pb_text][et_pb_text _builder_version=\u00bb4.27.4&#8243; _module_preset=\u00bbdefault\u00bb text_font=\u00bbNunito|300|||||||\u00bb text_text_color=\u00bb#081011&#8243; text_font_size=\u00bb25px\u00bb text_line_height=\u00bb1em\u00bb text_orientation=\u00bbright\u00bb custom_padding=\u00bb|260px|||false|false\u00bb custom_padding_tablet=\u00bb|0px|||false|false\u00bb custom_padding_phone=\u00bb|0px|||false|false\u00bb custom_padding_last_edited=\u00bbon|desktop\u00bb text_font_size_tablet=\u00bb20px\u00bb text_font_size_phone=\u00bb20px\u00bb text_font_size_last_edited=\u00bbon|desktop\u00bb global_colors_info=\u00bb{}\u00bb]<\/p>\n<p>Web Design<\/p>\n<p>[\/et_pb_text][et_pb_button button_url=\u00bbhttps:\/\/jazar-systems.com\/mx\/contacto\/\u00bb url_new_window=\u00bbon\u00bb button_text=\u00bbCont\u00e1ctanos\u00bb button_alignment=\u00bbright\u00bb _builder_version=\u00bb4.27.4&#8243; _module_preset=\u00bbdefault\u00bb custom_button=\u00bbon\u00bb button_text_size=\u00bb15px\u00bb button_text_color=\u00bb#FFFFFF\u00bb button_bg_color=\u00bb#757575&#8243; button_border_color=\u00bb#757575&#8243; button_border_radius=\u00bb20px\u00bb button_font=\u00bb|300|||||||\u00bb custom_margin=\u00bb|270px|||false|false\u00bb custom_margin_tablet=\u00bb|0px|||false|false\u00bb custom_margin_phone=\u00bb|0px|||false|false\u00bb custom_margin_last_edited=\u00bbon|phone\u00bb custom_padding=\u00bb||||false|false\u00bb animation_style=\u00bbflip\u00bb locked=\u00bboff\u00bb global_colors_info=\u00bb{}\u00bb][\/et_pb_button][\/et_pb_column][\/et_pb_row][\/et_pb_section][et_pb_section fb_built=\u00bb1&#8243; fullwidth=\u00bbon\u00bb _builder_version=\u00bb4.27.4&#8243; _module_preset=\u00bbdefault\u00bb animation_style=\u00bbflip\u00bb global_colors_info=\u00bb{}\u00bb][et_pb_fullwidth_image _builder_version=\u00bb4.27.4&#8243; _module_preset=\u00bbdefault\u00bb background_color=\u00bb#757575&#8243; min_height=\u00bb50px\u00bb min_height_tablet=\u00bb30px\u00bb min_height_phone=\u00bb30px\u00bb min_height_last_edited=\u00bbon|desktop\u00bb global_colors_info=\u00bb{}\u00bb][\/et_pb_fullwidth_image][\/et_pb_section][et_pb_section fb_built=\u00bb1&#8243; _builder_version=\u00bb4.27.4&#8243; _module_preset=\u00bbdefault\u00bb background_color=\u00bb#f8fafb\u00bb animation_style=\u00bbflip\u00bb hover_enabled=\u00bb0&#8243; global_colors_info=\u00bb{}\u00bb custom_margin=\u00bb0px||0px||false|false\u00bb custom_padding=\u00bb0px||0px||false|false\u00bb sticky_enabled=\u00bb0&#8243;][et_pb_row column_structure=\u00bb1_2,1_2&#8243; _builder_version=\u00bb4.27.4&#8243; _module_preset=\u00bbdefault\u00bb global_colors_info=\u00bb{}\u00bb][et_pb_column type=\u00bb1_2&#8243; _builder_version=\u00bb4.27.4&#8243; _module_preset=\u00bbdefault\u00bb global_colors_info=\u00bb{}\u00bb][et_pb_text _builder_version=\u00bb4.27.4&#8243; _module_preset=\u00bbdefault\u00bb text_font=\u00bbBelleza||||||||\u00bb text_text_color=\u00bb#757575&#8243; text_font_size=\u00bb40px\u00bb text_line_height=\u00bb1em\u00bb text_orientation=\u00bbcenter\u00bb custom_margin=\u00bb150px||||false|false\u00bb custom_margin_tablet=\u00bb0px||||false|false\u00bb custom_margin_phone=\u00bb0px||||false|false\u00bb custom_margin_last_edited=\u00bbon|phone\u00bb global_colors_info=\u00bb{}\u00bb]<\/p>\n<p>Transformando ideas en experiencias digitales<\/p>\n<p>[\/et_pb_text][et_pb_text _builder_version=\u00bb4.27.4&#8243; _module_preset=\u00bbdefault\u00bb text_font=\u00bbNunito|300|||||||\u00bb text_text_color=\u00bb#081011&#8243; text_font_size=\u00bb20px\u00bb text_line_height=\u00bb1em\u00bb text_orientation=\u00bbjustified\u00bb background_layout=\u00bbdark\u00bb global_colors_info=\u00bb{}\u00bb]<\/p>\n<p>En Daflyn, convertimos ideas en experiencias digitales que inspiran. Fusionamos dise\u00f1o, funcionalidad y tecnolog\u00eda para crear soluciones \u00fanicas que impulsan tu marca.<\/p>\n<p>[\/et_pb_text][\/et_pb_column][et_pb_column type=\u00bb1_2&#8243; _builder_version=\u00bb4.27.4&#8243; _module_preset=\u00bbdefault\u00bb global_colors_info=\u00bb{}\u00bb][et_pb_image src=\u00bbhttps:\/\/jazar-systems.com\/mx\/wp-content\/uploads\/2025\/07\/daflynwd_img3.png\u00bb title_text=\u00bbdaflynwd_img3&#8243; _builder_version=\u00bb4.27.4&#8243; _module_preset=\u00bbdefault\u00bb max_width=\u00bb500px\u00bb max_width_tablet=\u00bb500px\u00bb max_width_phone=\u00bb500px\u00bb max_width_last_edited=\u00bbon|phone\u00bb module_alignment=\u00bbcenter\u00bb hover_enabled=\u00bb0&#8243; global_colors_info=\u00bb{}\u00bb sticky_enabled=\u00bb0&#8243;][\/et_pb_image][\/et_pb_column][\/et_pb_row][\/et_pb_section][et_pb_section fb_built=\u00bb1&#8243; _builder_version=\u00bb4.27.4&#8243; _module_preset=\u00bbdefault\u00bb animation_style=\u00bbflip\u00bb hover_enabled=\u00bb0&#8243; global_colors_info=\u00bb{}\u00bb custom_padding=\u00bb||0px||false|false\u00bb custom_margin=\u00bb||0px||false|false\u00bb sticky_enabled=\u00bb0&#8243;][et_pb_row _builder_version=\u00bb4.27.4&#8243; _module_preset=\u00bbdefault\u00bb global_colors_info=\u00bb{}\u00bb][et_pb_column type=\u00bb4_4&#8243; _builder_version=\u00bb4.27.4&#8243; _module_preset=\u00bbdefault\u00bb global_colors_info=\u00bb{}\u00bb][et_pb_text _builder_version=\u00bb4.27.4&#8243; _module_preset=\u00bbdefault\u00bb text_font=\u00bbBelleza||||||||\u00bb text_text_color=\u00bb#757575&#8243; text_font_size=\u00bb40px\u00bb text_line_height=\u00bb1em\u00bb text_orientation=\u00bbcenter\u00bb custom_margin=\u00bb||||false|false\u00bb custom_margin_tablet=\u00bb0px||||false|false\u00bb custom_margin_last_edited=\u00bboff|desktop\u00bb global_colors_info=\u00bb{}\u00bb]<\/p>\n<p>!Cada p\u00edxel cuenta!<\/p>\n<p>[\/et_pb_text][et_pb_text _builder_version=\u00bb4.27.4&#8243; _module_preset=\u00bbdefault\u00bb text_font=\u00bbNunito|300|||||||\u00bb text_text_color=\u00bb#081011&#8243; text_font_size=\u00bb20px\u00bb text_line_height=\u00bb1em\u00bb text_orientation=\u00bbcenter\u00bb background_layout=\u00bbdark\u00bb locked=\u00bboff\u00bb global_colors_info=\u00bb{}\u00bb]<\/p>\n<p>Conoce nuestros paquetes y sus caracter\u00edsticas.<\/p>\n<p>[\/et_pb_text][et_pb_pricing_tables featured_table_header_background_color=\u00bb#757575&#8243; featured_table_header_text_color=\u00bb#FFFFFF\u00bb header_background_color=\u00bb#e0e0e0&#8243; featured_table_subheader_text_color=\u00bb#FFFFFF\u00bb featured_table_text_color=\u00bb#081011&#8243; featured_table_bullet_color=\u00bb#757575&#8243; bullet_color=\u00bb#e0e0e0&#8243; featured_table_price_background_color=\u00bb#FFFFFF\u00bb featured_table_price_color=\u00bb#757575&#8243; featured_table_currency_frequency_text_color=\u00bb#081011&#8243; price_background_color=\u00bb#FFFFFF\u00bb _builder_version=\u00bb4.27.4&#8243; _module_preset=\u00bbdefault\u00bb currency_frequency_text_color=\u00bb#081011&#8243; price_text_color=\u00bb#757575&#8243; subheader_text_color=\u00bb#757575&#8243; body_text_color=\u00bb#081011&#8243; header_text_color=\u00bb#081011&#8243; header_font=\u00bbBelleza||||||||\u00bb header_text_align=\u00bbcenter\u00bb header_font_size=\u00bb30px\u00bb body_font=\u00bbNunito||||||||\u00bb body_text_align=\u00bbleft\u00bb body_line_height=\u00bb1em\u00bb subheader_font=\u00bbNunito||||||||\u00bb subheader_text_align=\u00bbcenter\u00bb subheader_font_size=\u00bb20px\u00bb price_font=\u00bbNunito||||||||\u00bb price_text_align=\u00bbcenter\u00bb price_font_size=\u00bb60px\u00bb currency_frequency_font=\u00bbBelleza||||||||\u00bb currency_frequency_line_height=\u00bb1em\u00bb custom_button=\u00bbon\u00bb button_text_size=\u00bb15px\u00bb button_text_color=\u00bb#FFFFFF\u00bb button_bg_color=\u00bb#757575&#8243; button_border_width=\u00bb0px\u00bb button_border_radius=\u00bb20px\u00bb button_font=\u00bb|300|||||||\u00bb button_alignment=\u00bbcenter\u00bb text_orientation=\u00bbcenter\u00bb animation_style=\u00bbflip\u00bb link_option_url=\u00bbhttps:\/\/jazar-systems.com\/mx\/contacto\/\u00bb link_option_url_new_window=\u00bbon\u00bb price_font_size_tablet=\u00bb50px\u00bb price_font_size_phone=\u00bb40px\u00bb price_font_size_last_edited=\u00bbon|desktop\u00bb border_width_all=\u00bb0px\u00bb border_style_all_price=\u00bbnone\u00bb box_shadow_style=\u00bbpreset1&#8243; global_colors_info=\u00bb{}\u00bb][et_pb_pricing_table title=\u00bbB\u00e1sico\u00bb subtitle=\u00bb%22Identidad Visual Escencial%22&#8243; currency=\u00bbMXN\u00bb per=\u00bbMensual\u00bb sum=\u00bb1,200&#8243; button_url=\u00bbhttps:\/\/jazar-systems.com\/mx\/contacto\/\u00bb url_new_window=\u00bbon\u00bb button_text=\u00bbCont\u00e1ctanos\u00bb bullet_color=\u00bb#e0e0e0&#8243; _builder_version=\u00bb4.27.4&#8243; _module_preset=\u00bbdefault\u00bb custom_button=\u00bbon\u00bb button_alignment=\u00bbcenter\u00bb button_custom_margin=\u00bb195px||||false|false\u00bb button_custom_margin_tablet=\u00bb165px||||false|false\u00bb button_custom_margin_phone=\u00bb165px||||false|false\u00bb button_custom_margin_last_edited=\u00bbon|phone\u00bb global_colors_info=\u00bb{}\u00bb sticky_transition=\u00bbon\u00bb]<\/p>\n<p>Brand Board (Tablero de Identidad Visual):<\/p>\n<p>Logotipo simple (texto + icono b\u00e1sico).<\/p>\n<p>Tipograf\u00edas y paleta de colores.<\/p>\n<p>Texto breve \u201csobre la empresa\u201d.<\/p>\n<p>[\/et_pb_pricing_table][et_pb_pricing_table featured=\u00bbon\u00bb title=\u00bbProfesional\u00bb subtitle=\u00bb%22Identidad + Redes Sociales%22&#8243; currency=\u00bbMXN\u00bb per=\u00bbMensual\u00bb sum=\u00bb3,500&#8243; button_url=\u00bbhttps:\/\/jazar-systems.com\/mx\/contacto\/\u00bb url_new_window=\u00bbon\u00bb button_text=\u00bbCont\u00e1ctanos\u00bb _builder_version=\u00bb4.27.4&#8243; _module_preset=\u00bbdefault\u00bb price_font_size=\u00bb60px\u00bb custom_button=\u00bbon\u00bb button_custom_margin=\u00bb155px||||false|false\u00bb button_custom_margin_tablet=\u00bb155px||||false|false\u00bb button_custom_margin_phone=\u00bb155px||||false|false\u00bb button_custom_margin_last_edited=\u00bbon|phone\u00bb price_font_size_tablet=\u00bb50px\u00bb price_font_size_phone=\u00bb40px\u00bb price_font_size_last_edited=\u00bbon|phone\u00bb global_colors_info=\u00bb{}\u00bb sticky_transition=\u00bbon\u00bb]<\/p>\n<p>Brand Board completo.<\/p>\n<p>Creaci\u00f3n de perfiles: Facebook, Instagram y TikTok.<\/p>\n<p>Contenido inicial:<\/p>\n<p>3 videos cortos.<\/p>\n<p>5 im\u00e1genes promocionales.<\/p>\n<p>[\/et_pb_pricing_table][et_pb_pricing_table title=\u00bbPremium\u00bb subtitle=\u00bb%22Identidad + Redes + P\u00e1gina Web%22&#8243; currency=\u00bbMXN\u00bb per=\u00bbMensual\u00bb sum=\u00bb8,500&#8243; button_url=\u00bbhttps:\/\/jazar-systems.com\/mx\/contacto\/\u00bb url_new_window=\u00bbon\u00bb button_text=\u00bbCont\u00e1ctanos\u00bb _builder_version=\u00bb4.27.4&#8243; _module_preset=\u00bbdefault\u00bb global_colors_info=\u00bb{}\u00bb sticky_transition=\u00bbon\u00bb]<\/p>\n<p>Identidad visual completa (logotipo adaptable, tipograf\u00edas, recursos gr\u00e1ficos).<br \/>Contenido para redes:<br \/>5 videos promocionales.<br \/>10 im\u00e1genes personalizadas.<br \/>Dise\u00f1o de tarjetas de presentaci\u00f3n.<br \/>Sitio web de hasta 5 secciones:<br \/>Dise\u00f1o responsivo.<br \/>SEO b\u00e1sico.<br \/>Hosting, dominio y soporte.<\/p>\n<p>[\/et_pb_pricing_table][\/et_pb_pricing_tables][\/et_pb_column][\/et_pb_row][\/et_pb_section][et_pb_section fb_built=\u00bb1&#8243; _builder_version=\u00bb4.27.4&#8243; _module_preset=\u00bbdefault\u00bb background_image=\u00bbhttps:\/\/jazar-systems.com\/mx\/wp-content\/uploads\/2025\/06\/daflynwd_img5.png\u00bb min_height=\u00bb300px\u00bb min_height_tablet=\u00bb300px\u00bb min_height_phone=\u00bb300px\u00bb min_height_last_edited=\u00bbon|phone\u00bb animation_style=\u00bbflip\u00bb locked=\u00bboff\u00bb global_colors_info=\u00bb{}\u00bb][\/et_pb_section][et_pb_section fb_built=\u00bb1&#8243; _builder_version=\u00bb4.27.4&#8243; _module_preset=\u00bbdefault\u00bb background_color=\u00bb#f8fafb\u00bb animation_style=\u00bbflip\u00bb hover_enabled=\u00bb0&#8243; global_colors_info=\u00bb{}\u00bb custom_margin=\u00bb0px||||false|false\u00bb custom_padding=\u00bb0px||||false|false\u00bb sticky_enabled=\u00bb0&#8243;][et_pb_row column_structure=\u00bb1_2,1_2&#8243; _builder_version=\u00bb4.27.4&#8243; _module_preset=\u00bbdefault\u00bb hover_enabled=\u00bb0&#8243; global_colors_info=\u00bb{}\u00bb custom_margin=\u00bb0px||||false|false\u00bb custom_padding=\u00bb0px||||false|false\u00bb sticky_enabled=\u00bb0&#8243;][et_pb_column type=\u00bb1_2&#8243; _builder_version=\u00bb4.27.4&#8243; _module_preset=\u00bbdefault\u00bb global_colors_info=\u00bb{}\u00bb][et_pb_text _builder_version=\u00bb4.27.4&#8243; _module_preset=\u00bbdefault\u00bb text_font=\u00bbBelleza||||||||\u00bb text_text_color=\u00bb#757575&#8243; text_font_size=\u00bb40px\u00bb text_line_height=\u00bb1em\u00bb text_orientation=\u00bbcenter\u00bb custom_margin=\u00bb140px||||false|false\u00bb custom_margin_tablet=\u00bb0px||||false|false\u00bb custom_margin_phone=\u00bb0px||||false|false\u00bb custom_margin_last_edited=\u00bbon|tablet\u00bb global_colors_info=\u00bb{}\u00bb]<\/p>\n<p>Portafolio<\/p>\n<p>[\/et_pb_text][et_pb_text _builder_version=\u00bb4.27.4&#8243; _module_preset=\u00bbdefault\u00bb text_font=\u00bbNunito|300|||||||\u00bb text_text_color=\u00bb#081011&#8243; text_font_size=\u00bb20px\u00bb text_line_height=\u00bb1em\u00bb text_orientation=\u00bbjustified\u00bb background_layout=\u00bbdark\u00bb global_colors_info=\u00bb{}\u00bb]<\/p>\n<p>Cada proyecto es una oportunidad para explorar, aprender y transformar. Desde contenido para redes sociales, hasta sitios web completos.<\/p>\n<p>[\/et_pb_text][et_pb_text _builder_version=\u00bb4.27.4&#8243; _module_preset=\u00bbdefault\u00bb text_font=\u00bbNunito||||||||\u00bb text_text_color=\u00bb#757575&#8243; text_font_size=\u00bb20px\u00bb text_line_height=\u00bb1em\u00bb text_orientation=\u00bbcenter\u00bb background_layout=\u00bbdark\u00bb link_option_url=\u00bbhttps:\/\/kimerasoftware.com\/mx\/\u00bb link_option_url_new_window=\u00bbon\u00bb global_colors_info=\u00bb{}\u00bb]<\/p>\n<p>Kimera Invoice<\/p>\n<p>[\/et_pb_text][et_pb_text _builder_version=\u00bb4.27.4&#8243; _module_preset=\u00bbdefault\u00bb text_font=\u00bbNunito||||||||\u00bb text_text_color=\u00bb#757575&#8243; text_font_size=\u00bb20px\u00bb text_line_height=\u00bb1em\u00bb text_orientation=\u00bbcenter\u00bb background_layout=\u00bbdark\u00bb link_option_url=\u00bbhttps:\/\/jazar-systems.com\/mx\/\u00bb link_option_url_new_window=\u00bbon\u00bb locked=\u00bboff\u00bb global_colors_info=\u00bb{}\u00bb]<\/p>\n<p>Jazar Systems<\/p>\n<p>[\/et_pb_text][\/et_pb_column][et_pb_column type=\u00bb1_2&#8243; _builder_version=\u00bb4.27.4&#8243; _module_preset=\u00bbdefault\u00bb global_colors_info=\u00bb{}\u00bb][et_pb_image src=\u00bbhttps:\/\/jazar-systems.com\/mx\/wp-content\/uploads\/2025\/07\/daflynwd_img2.png\u00bb title_text=\u00bbdaflynwd_img2&#8243; _builder_version=\u00bb4.27.4&#8243; _module_preset=\u00bbdefault\u00bb max_width=\u00bb500px\u00bb max_width_tablet=\u00bb500px\u00bb max_width_phone=\u00bb500px\u00bb max_width_last_edited=\u00bbon|phone\u00bb module_alignment=\u00bbcenter\u00bb hover_enabled=\u00bb0&#8243; global_colors_info=\u00bb{}\u00bb sticky_enabled=\u00bb0&#8243;][\/et_pb_image][\/et_pb_column][\/et_pb_row][\/et_pb_section][et_pb_section fb_built=\u00bb1&#8243; _builder_version=\u00bb4.27.4&#8243; _module_preset=\u00bbdefault\u00bb background_image=\u00bbhttps:\/\/jazar-systems.com\/mx\/wp-content\/uploads\/2025\/06\/daflynwd_img6.png\u00bb min_height=\u00bb300px\u00bb min_height_tablet=\u00bb300px\u00bb min_height_phone=\u00bb300px\u00bb min_height_last_edited=\u00bbon|phone\u00bb animation_style=\u00bbflip\u00bb locked=\u00bboff\u00bb global_colors_info=\u00bb{}\u00bb][\/et_pb_section][et_pb_section fb_built=\u00bb1&#8243; _builder_version=\u00bb4.27.4&#8243; _module_preset=\u00bbdefault\u00bb animation_style=\u00bbflip\u00bb hover_enabled=\u00bb0&#8243; global_colors_info=\u00bb{}\u00bb custom_margin=\u00bb0px||0px||false|false\u00bb custom_padding=\u00bb0px||0px||false|false\u00bb sticky_enabled=\u00bb0&#8243;][et_pb_row _builder_version=\u00bb4.27.4&#8243; _module_preset=\u00bbdefault\u00bb global_colors_info=\u00bb{}\u00bb][et_pb_column type=\u00bb4_4&#8243; _builder_version=\u00bb4.27.4&#8243; _module_preset=\u00bbdefault\u00bb global_colors_info=\u00bb{}\u00bb][et_pb_image src=\u00bbhttps:\/\/jazar-systems.com\/mx\/wp-content\/uploads\/2025\/06\/daflynwd_img1.png\u00bb title_text=\u00bbdaflynwd_img1&#8243; _builder_version=\u00bb4.27.4&#8243; _module_preset=\u00bbdefault\u00bb max_width=\u00bb350px\u00bb max_width_tablet=\u00bb350px\u00bb max_width_phone=\u00bb350px\u00bb max_width_last_edited=\u00bbon|phone\u00bb module_alignment=\u00bbcenter\u00bb global_colors_info=\u00bb{}\u00bb][\/et_pb_image][\/et_pb_column][\/et_pb_row][\/et_pb_section]<\/p>\n","protected":false},"excerpt":{"rendered":"<p>DAFLYNWeb DesignTransformando ideas en experiencias digitalesEn Daflyn, convertimos ideas en experiencias digitales que inspiran. Fusionamos dise\u00f1o, funcionalidad y tecnolog\u00eda para crear soluciones \u00fanicas que impulsan tu marca.!Cada p\u00edxel cuenta!Conoce nuestros paquetes y sus caracter\u00edsticas.Brand Board (Tablero de Identidad Visual): Logotipo simple (texto + icono b\u00e1sico). Tipograf\u00edas y paleta de colores. Texto breve \u201csobre la empresa\u201d.Brand [&hellip;]<\/p>\n","protected":false},"author":1,"featured_media":0,"parent":0,"menu_order":0,"comment_status":"closed","ping_status":"closed","template":"","meta":{"_et_pb_use_builder":"on","_et_pb_old_content":"<!-- wp:divi\/placeholder \/-->","_et_gb_content_width":"","footnotes":""},"class_list":["post-1326","page","type-page","status-publish","hentry"],"_links":{"self":[{"href":"https:\/\/jazar-systems.com\/mx\/wp-json\/wp\/v2\/pages\/1326","targetHints":{"allow":["GET"]}}],"collection":[{"href":"https:\/\/jazar-systems.com\/mx\/wp-json\/wp\/v2\/pages"}],"about":[{"href":"https:\/\/jazar-systems.com\/mx\/wp-json\/wp\/v2\/types\/page"}],"author":[{"embeddable":true,"href":"https:\/\/jazar-systems.com\/mx\/wp-json\/wp\/v2\/users\/1"}],"replies":[{"embeddable":true,"href":"https:\/\/jazar-systems.com\/mx\/wp-json\/wp\/v2\/comments?post=1326"}],"version-history":[{"count":24,"href":"https:\/\/jazar-systems.com\/mx\/wp-json\/wp\/v2\/pages\/1326\/revisions"}],"predecessor-version":[{"id":1447,"href":"https:\/\/jazar-systems.com\/mx\/wp-json\/wp\/v2\/pages\/1326\/revisions\/1447"}],"wp:attachment":[{"href":"https:\/\/jazar-systems.com\/mx\/wp-json\/wp\/v2\/media?parent=1326"}],"curies":[{"name":"wp","href":"https:\/\/api.w.org\/{rel}","templated":true}]}}