{"id":1314,"date":"2025-06-25T20:15:24","date_gmt":"2025-06-25T20:15:24","guid":{"rendered":"https:\/\/jazar-systems.com\/mx\/?page_id=1314"},"modified":"2025-07-04T20:53:45","modified_gmt":"2025-07-04T20:53:45","slug":"inteklab","status":"publish","type":"page","link":"https:\/\/jazar-systems.com\/mx\/inteklab\/","title":{"rendered":"IntekLab"},"content":{"rendered":"<p>[et_pb_section fb_built=\u00bb1&#8243; _builder_version=\u00bb4.27.4&#8243; _module_preset=\u00bbdefault\u00bb background_image=\u00bbhttps:\/\/jazar-systems.com\/mx\/wp-content\/uploads\/2025\/06\/inteklab_walpaper.png\u00bb width_last_edited=\u00bboff|desktop\u00bb max_width_last_edited=\u00bboff|desktop\u00bb module_alignment=\u00bbcenter\u00bb min_height=\u00bb300px\u00bb min_height_tablet=\u00bb300px\u00bb min_height_phone=\u00bb\u00bb min_height_last_edited=\u00bbon|desktop\u00bb animation_style=\u00bbflip\u00bb hover_enabled=\u00bb0&#8243; background_last_edited=\u00bbon|phone\u00bb background_position_tablet=\u00bbcenter\u00bb background_position_phone=\u00bbtop_right\u00bb global_colors_info=\u00bb{}\u00bb sticky_enabled=\u00bb0&#8243;][et_pb_row _builder_version=\u00bb4.27.4&#8243; _module_preset=\u00bbdefault\u00bb custom_margin=\u00bb0px||||false|false\u00bb custom_margin_tablet=\u00bb0px||||false|false\u00bb custom_margin_phone=\u00bb0px||||false|false\u00bb custom_margin_last_edited=\u00bbon|desktop\u00bb global_colors_info=\u00bb{}\u00bb][et_pb_column type=\u00bb4_4&#8243; _builder_version=\u00bb4.27.4&#8243; _module_preset=\u00bbdefault\u00bb global_colors_info=\u00bb{}\u00bb][et_pb_text _builder_version=\u00bb4.27.4&#8243; _module_preset=\u00bbdefault\u00bb text_font=\u00bbDM Sans|500|||||||\u00bb text_text_color=\u00bb#212121&#8243; text_font_size=\u00bb40px\u00bb text_line_height=\u00bb1em\u00bb text_orientation=\u00bbright\u00bb module_alignment=\u00bbright\u00bb animation_style=\u00bbflip\u00bb text_orientation_tablet=\u00bbleft\u00bb text_orientation_phone=\u00bbleft\u00bb text_orientation_last_edited=\u00bbon|desktop\u00bb global_colors_info=\u00bb{}\u00bb]<\/p>\n<p style=\"text-align: right;\">IntekLab<\/p>\n<p>[\/et_pb_text][et_pb_text content_tablet=\u00bb<\/p>\n<p style=%22text-align: right;%22>Donde la innovaci\u00f3n se convierte en tecnolog\u00eda aplicada.<\/p>\n<p>\u00bb content_phone=\u00bb<\/p>\n<p style=%22text-align: right;%22>Donde la innovaci\u00f3n se convierte en tecnolog\u00eda aplicada.<\/p>\n<p>\u00bb content_last_edited=\u00bbon|tablet\u00bb _builder_version=\u00bb4.27.4&#8243; _module_preset=\u00bbdefault\u00bb text_font=\u00bbInter|300|||||||\u00bb text_text_color=\u00bb#2c2c2c\u00bb text_font_size=\u00bb20px\u00bb text_line_height=\u00bb1em\u00bb text_orientation=\u00bbright\u00bb module_alignment=\u00bbright\u00bb animation_style=\u00bbflip\u00bb locked=\u00bboff\u00bb global_colors_info=\u00bb{}\u00bb]<\/p>\n<p style=\"text-align: right;\">Donde la innovaci\u00f3n se convierte en tecnolog\u00eda aplicada.<\/p>\n<p>[\/et_pb_text][et_pb_button button_url=\u00bbhttps:\/\/jazar-systems.com\/mx\/contacto\/\u00bb url_new_window=\u00bbon\u00bb button_text=\u00bbCont\u00e1ctanos\u00bb button_alignment=\u00bbright\u00bb _builder_version=\u00bb4.27.4&#8243; _module_preset=\u00bbdefault\u00bb custom_button=\u00bbon\u00bb button_text_size=\u00bb15px\u00bb button_text_color=\u00bb#FFFFFF\u00bb button_bg_color=\u00bb#757575&#8243; button_border_color=\u00bb#757575&#8243; button_border_radius=\u00bb20px\u00bb button_font=\u00bb|300|||||||\u00bb animation_style=\u00bbflip\u00bb locked=\u00bboff\u00bb global_colors_info=\u00bb{}\u00bb][\/et_pb_button][\/et_pb_column][\/et_pb_row][\/et_pb_section][et_pb_section fb_built=\u00bb1&#8243; _builder_version=\u00bb4.27.4&#8243; _module_preset=\u00bbdefault\u00bb background_image=\u00bbhttps:\/\/jazar-systems.com\/mx\/wp-content\/uploads\/2025\/06\/inteklab_midmoon.png\u00bb animation_style=\u00bbflip\u00bb hover_enabled=\u00bb0&#8243; background_last_edited=\u00bbon|phone\u00bb background_enable_image_tablet=\u00bboff\u00bb global_colors_info=\u00bb{}\u00bb sticky_enabled=\u00bb0&#8243;][et_pb_row _builder_version=\u00bb4.27.4&#8243; _module_preset=\u00bbdefault\u00bb global_colors_info=\u00bb{}\u00bb][et_pb_column type=\u00bb4_4&#8243; _builder_version=\u00bb4.27.4&#8243; _module_preset=\u00bbdefault\u00bb global_colors_info=\u00bb{}\u00bb][et_pb_text _builder_version=\u00bb4.27.4&#8243; _module_preset=\u00bbdefault\u00bb text_font=\u00bbDM Sans|500|||||||\u00bb text_text_color=\u00bb#212121&#8243; text_font_size=\u00bb40px\u00bb text_line_height=\u00bb1em\u00bb text_orientation=\u00bbcenter\u00bb module_alignment=\u00bbright\u00bb animation_style=\u00bbflip\u00bb hover_enabled=\u00bb0&#8243; text_orientation_tablet=\u00bbcenter\u00bb text_orientation_phone=\u00bbcenter\u00bb text_orientation_last_edited=\u00bbon|phone\u00bb locked=\u00bboff\u00bb global_colors_info=\u00bb{}\u00bb sticky_enabled=\u00bb0&#8243;]<\/p>\n<p style=\"text-align: center;\">Desarrollo de <span style=\"color: #757575;\">sistemas<\/span> ciberf\u00edsicos, dom\u00f3tica, <span style=\"color: #c3b8a8;\">automatizaci\u00f3n inteligente<\/span> y energ\u00eda sustentable.<\/p>\n<p>[\/et_pb_text][\/et_pb_column][\/et_pb_row][et_pb_row column_structure=\u00bb1_4,1_4,1_4,1_4&#8243; _builder_version=\u00bb4.27.4&#8243; _module_preset=\u00bbdefault\u00bb animation_style=\u00bbflip\u00bb global_colors_info=\u00bb{}\u00bb][et_pb_column type=\u00bb1_4&#8243; _builder_version=\u00bb4.27.4&#8243; _module_preset=\u00bbdefault\u00bb global_colors_info=\u00bb{}\u00bb][et_pb_image src=\u00bbhttps:\/\/jazar-systems.com\/mx\/wp-content\/uploads\/2025\/06\/inteklab_icon1.png\u00bb title_text=\u00bbinteklab_icon1&#8243; _builder_version=\u00bb4.27.4&#8243; _module_preset=\u00bbdefault\u00bb global_colors_info=\u00bb{}\u00bb][\/et_pb_image][et_pb_text _builder_version=\u00bb4.27.4&#8243; _module_preset=\u00bbdefault\u00bb text_font=\u00bbInter|300|||||||\u00bb text_text_color=\u00bb#2c2c2c\u00bb text_font_size=\u00bb18px\u00bb text_line_height=\u00bb1em\u00bb text_orientation=\u00bbcenter\u00bb module_alignment=\u00bbright\u00bb animation_style=\u00bbflip\u00bb global_colors_info=\u00bb{}\u00bb]<\/p>\n<p>Dom\u00f3tica<\/p>\n<p>[\/et_pb_text][\/et_pb_column][et_pb_column type=\u00bb1_4&#8243; _builder_version=\u00bb4.27.4&#8243; _module_preset=\u00bbdefault\u00bb global_colors_info=\u00bb{}\u00bb][et_pb_image src=\u00bbhttps:\/\/jazar-systems.com\/mx\/wp-content\/uploads\/2025\/06\/inteklab_icon2.png\u00bb title_text=\u00bbinteklab_icon2&#8243; _builder_version=\u00bb4.27.4&#8243; _module_preset=\u00bbdefault\u00bb global_colors_info=\u00bb{}\u00bb][\/et_pb_image][et_pb_text _builder_version=\u00bb4.27.4&#8243; _module_preset=\u00bbdefault\u00bb text_font=\u00bbInter|300|||||||\u00bb text_text_color=\u00bb#2c2c2c\u00bb text_font_size=\u00bb18px\u00bb text_line_height=\u00bb1em\u00bb text_orientation=\u00bbcenter\u00bb module_alignment=\u00bbright\u00bb animation_style=\u00bbflip\u00bb locked=\u00bboff\u00bb global_colors_info=\u00bb{}\u00bb]<\/p>\n<p>Impresi\u00f3n 3D<\/p>\n<p>[\/et_pb_text][\/et_pb_column][et_pb_column type=\u00bb1_4&#8243; _builder_version=\u00bb4.27.4&#8243; _module_preset=\u00bbdefault\u00bb global_colors_info=\u00bb{}\u00bb][et_pb_image src=\u00bbhttps:\/\/jazar-systems.com\/mx\/wp-content\/uploads\/2025\/06\/inteklab_icon3.png\u00bb title_text=\u00bbinteklab_icon3&#8243; _builder_version=\u00bb4.27.4&#8243; _module_preset=\u00bbdefault\u00bb global_colors_info=\u00bb{}\u00bb][\/et_pb_image][et_pb_text _builder_version=\u00bb4.27.4&#8243; _module_preset=\u00bbdefault\u00bb text_font=\u00bbInter|300|||||||\u00bb text_text_color=\u00bb#2c2c2c\u00bb text_font_size=\u00bb18px\u00bb text_line_height=\u00bb1em\u00bb text_orientation=\u00bbcenter\u00bb module_alignment=\u00bbright\u00bb animation_style=\u00bbflip\u00bb locked=\u00bboff\u00bb global_colors_info=\u00bb{}\u00bb]<\/p>\n<p>Electr\u00f3nica<\/p>\n<p>[\/et_pb_text][\/et_pb_column][et_pb_column type=\u00bb1_4&#8243; _builder_version=\u00bb4.27.4&#8243; _module_preset=\u00bbdefault\u00bb global_colors_info=\u00bb{}\u00bb][et_pb_image src=\u00bbhttps:\/\/jazar-systems.com\/mx\/wp-content\/uploads\/2025\/06\/inteklabicon6.png\u00bb title_text=\u00bbinteklabicon6&#8243; _builder_version=\u00bb4.27.4&#8243; _module_preset=\u00bbdefault\u00bb global_colors_info=\u00bb{}\u00bb][\/et_pb_image][et_pb_text _builder_version=\u00bb4.27.4&#8243; _module_preset=\u00bbdefault\u00bb text_font=\u00bbInter|300|||||||\u00bb text_text_color=\u00bb#2c2c2c\u00bb text_font_size=\u00bb18px\u00bb text_line_height=\u00bb1em\u00bb text_orientation=\u00bbcenter\u00bb module_alignment=\u00bbright\u00bb custom_margin=\u00bb||||false|false\u00bb custom_padding=\u00bb||||false|false\u00bb animation_style=\u00bbflip\u00bb locked=\u00bboff\u00bb global_colors_info=\u00bb{}\u00bb]<\/p>\n<p>Energ\u00edas<\/p>\n<p>[\/et_pb_text][et_pb_text _builder_version=\u00bb4.27.4&#8243; _module_preset=\u00bbdefault\u00bb text_font=\u00bbInter|300|||||||\u00bb text_text_color=\u00bb#2c2c2c\u00bb text_font_size=\u00bb18px\u00bb text_line_height=\u00bb1em\u00bb text_orientation=\u00bbcenter\u00bb module_alignment=\u00bbright\u00bb custom_margin=\u00bb-25px||||false|false\u00bb custom_padding=\u00bb||||false|false\u00bb animation_style=\u00bbflip\u00bb locked=\u00bboff\u00bb global_colors_info=\u00bb{}\u00bb]<\/p>\n<p>Renovables<\/p>\n<p>[\/et_pb_text][\/et_pb_column][\/et_pb_row][et_pb_row custom_padding_last_edited=\u00bbon|phone\u00bb _builder_version=\u00bb4.27.4&#8243; _module_preset=\u00bbdefault\u00bb custom_margin=\u00bb||||false|false\u00bb custom_padding=\u00bb|150px||150px|false|false\u00bb custom_padding_tablet=\u00bb|0px||0px|false|false\u00bb custom_padding_phone=\u00bb|0px||0px|false|false\u00bb global_colors_info=\u00bb{}\u00bb][et_pb_column type=\u00bb4_4&#8243; _builder_version=\u00bb4.27.4&#8243; _module_preset=\u00bbdefault\u00bb global_colors_info=\u00bb{}\u00bb][et_pb_text content_tablet=\u00bb<\/p>\n<p style=%22text-align: right;%22>Donde la innovaci\u00f3n se convierte en tecnolog\u00eda aplicada.<\/p>\n<p>\u00bb content_last_edited=\u00bboff|desktop\u00bb _builder_version=\u00bb4.27.4&#8243; _module_preset=\u00bbdefault\u00bb text_font=\u00bbInter|300|||||||\u00bb text_text_color=\u00bb#2c2c2c\u00bb text_font_size=\u00bb20px\u00bb text_line_height=\u00bb1em\u00bb text_orientation=\u00bbjustified\u00bb module_alignment=\u00bbright\u00bb animation_style=\u00bbflip\u00bb hover_enabled=\u00bb0&#8243; locked=\u00bboff\u00bb global_colors_info=\u00bb{}\u00bb sticky_enabled=\u00bb0&#8243;]<\/p>\n<p style=\"text-align: justify;\">Todos nuestros servicios a tu disposici\u00f3n. Desarrollamos soluciones inteligentes con impacto real. Tecnolog\u00eda aplicada a la automatizaci\u00f3n, mantenimiento y optimizaci\u00f3n sistemas integrados de automatizaci\u00f3n y energ\u00eda sustentable.<\/p>\n<p>[\/et_pb_text][\/et_pb_column][\/et_pb_row][\/et_pb_section][et_pb_section fb_built=\u00bb1&#8243; theme_builder_area=\u00bbpost_content\u00bb _builder_version=\u00bb4.27.4&#8243; _module_preset=\u00bbdefault\u00bb background_color=\u00bb#f5f5f5&#8243; hover_enabled=\u00bb0&#8243; sticky_enabled=\u00bb0&#8243; animation_style=\u00bbflip\u00bb][et_pb_row _builder_version=\u00bb4.27.4&#8243; _module_preset=\u00bbdefault\u00bb column_structure=\u00bb1_2,1_2&#8243; theme_builder_area=\u00bbpost_content\u00bb hover_enabled=\u00bb0&#8243; sticky_enabled=\u00bb0&#8243;][et_pb_column _builder_version=\u00bb4.27.4&#8243; _module_preset=\u00bbdefault\u00bb type=\u00bb1_2&#8243; theme_builder_area=\u00bbpost_content\u00bb][et_pb_text _builder_version=\u00bb4.27.4&#8243; _module_preset=\u00bbdefault\u00bb text_font=\u00bbDM Sans|500|||||||\u00bb text_text_color=\u00bb#212121&#8243; text_font_size=\u00bb40px\u00bb text_line_height=\u00bb1em\u00bb text_orientation=\u00bbcenter\u00bb module_alignment=\u00bbright\u00bb custom_margin=\u00bb||||false|false\u00bb custom_margin_tablet=\u00bb0px||||false|false\u00bb custom_margin_phone=\u00bb0px||||false|false\u00bb custom_margin_last_edited=\u00bbon|phone\u00bb animation_style=\u00bbflip\u00bb hover_enabled=\u00bb0&#8243; text_orientation_tablet=\u00bbcenter\u00bb text_orientation_phone=\u00bbcenter\u00bb text_orientation_last_edited=\u00bbon|phone\u00bb locked=\u00bboff\u00bb global_colors_info=\u00bb{}\u00bb theme_builder_area=\u00bbpost_content\u00bb sticky_enabled=\u00bb0&#8243;]<\/p>\n<p style=\"text-align: left;\">De la <span style=\"color: #c3b8a8;\">idea<\/span> a la innovaci\u00f3n: Nuestro<span style=\"color: #757575;\"> proceso<\/span> para prototipar soluciones inteligentes<\/p>\n<p>[\/et_pb_text][et_pb_text content_tablet=\u00bb<\/p>\n<p style=%22text-align: right;%22>Donde la innovaci\u00f3n se convierte en tecnolog\u00eda aplicada.<\/p>\n<p>\u00bb content_last_edited=\u00bboff|desktop\u00bb _builder_version=\u00bb4.27.4&#8243; _module_preset=\u00bbdefault\u00bb text_font=\u00bbInter|300|||||||\u00bb text_text_color=\u00bb#2c2c2c\u00bb text_font_size=\u00bb20px\u00bb text_line_height=\u00bb1em\u00bb text_orientation=\u00bbjustified\u00bb module_alignment=\u00bbright\u00bb animation_style=\u00bbflip\u00bb hover_enabled=\u00bb0&#8243; locked=\u00bboff\u00bb global_colors_info=\u00bb{}\u00bb theme_builder_area=\u00bbpost_content\u00bb sticky_enabled=\u00bb0&#8243;]<\/p>\n<p style=\"text-align: justify;\">En <span style=\"color: #757575;\">IntekLab<\/span>, convertimos ideas en soluciones tangibles mediante un proceso estructurado y \u00e1gil. Cada prototipo que desarrollamos integra tecnolog\u00eda aplicada, automatizaci\u00f3n y eficiencia energ\u00e9tica sustentable. As\u00ed es como damos vida a la innovaci\u00f3n:<\/p>\n<p>[\/et_pb_text][\/et_pb_column][et_pb_column _builder_version=\u00bb4.27.4&#8243; _module_preset=\u00bbdefault\u00bb type=\u00bb1_2&#8243; theme_builder_area=\u00bbpost_content\u00bb][et_pb_blurb title=\u00bbIdentificaci\u00f3n de requisitos\u00bb use_icon=\u00bbon\u00bb font_icon=\u00bb&#x55;||divi||400&#8243; icon_placement=\u00bbleft\u00bb image_icon_width=\u00bb40px\u00bb _builder_version=\u00bb4.27.4&#8243; _module_preset=\u00bbdefault\u00bb header_font=\u00bbDM Sans|500|||||||\u00bb header_text_color=\u00bb#212121&#8243; body_font=\u00bbInter|300|||||||\u00bb body_text_color=\u00bb#757575&#8243; hover_enabled=\u00bb0&#8243; icon_font_size=\u00bb40px\u00bb global_colors_info=\u00bb{}\u00bb sticky_enabled=\u00bb0&#8243; theme_builder_area=\u00bbpost_content\u00bb locked=\u00bboff\u00bb icon_color=\u00bb#c3b8a8&#8243; header_font_size=\u00bb18px\u00bb]<\/p>\n<p>Definici\u00f3n de objetivos claros y funcionales.<\/p>\n<p>[\/et_pb_blurb][et_pb_blurb title=\u00bbDise\u00f1o y desarrollo\u00bb use_icon=\u00bbon\u00bb font_icon=\u00bb&#xf5ae;||fa||900&#8243; icon_placement=\u00bbleft\u00bb image_icon_width=\u00bb40px\u00bb _builder_version=\u00bb4.27.4&#8243; _module_preset=\u00bbdefault\u00bb header_font=\u00bbDM Sans|500|||||||\u00bb header_text_color=\u00bb#212121&#8243; body_font=\u00bbInter|300|||||||\u00bb body_text_color=\u00bb#757575&#8243; hover_enabled=\u00bb0&#8243; icon_font_size=\u00bb40px\u00bb global_colors_info=\u00bb{}\u00bb sticky_enabled=\u00bb0&#8243; theme_builder_area=\u00bbpost_content\u00bb locked=\u00bboff\u00bb icon_color=\u00bb#c3b8a8&#8243; header_font_size=\u00bb18px\u00bb]<\/p>\n<p>Construcci\u00f3n del prototipo integrando hardware, software y principios de eficiencia energ\u00e9tica.<\/p>\n<p>[\/et_pb_blurb][et_pb_blurb title=\u00bbValidaci\u00f3n y pruebas\u00bb use_icon=\u00bbon\u00bb font_icon=\u00bb&#x69;||divi||400&#8243; icon_placement=\u00bbleft\u00bb image_icon_width=\u00bb40px\u00bb _builder_version=\u00bb4.27.4&#8243; _module_preset=\u00bbdefault\u00bb header_font=\u00bbDM Sans|500|||||||\u00bb header_text_color=\u00bb#212121&#8243; body_font=\u00bbInter|300|||||||\u00bb body_text_color=\u00bb#757575&#8243; hover_enabled=\u00bb0&#8243; icon_font_size=\u00bb40px\u00bb global_colors_info=\u00bb{}\u00bb sticky_enabled=\u00bb0&#8243; theme_builder_area=\u00bbpost_content\u00bb locked=\u00bboff\u00bb icon_color=\u00bb#c3b8a8&#8243; header_font_size=\u00bb18px\u00bb]<\/p>\n<p>Evaluaci\u00f3n del desempe\u00f1o en escenarios reales.<\/p>\n<p>[\/et_pb_blurb][et_pb_blurb title=\u00bbIteraci\u00f3n o escalado\u00bb use_icon=\u00bbon\u00bb font_icon=\u00bb&#xf102;||fa||900&#8243; icon_placement=\u00bbleft\u00bb image_icon_width=\u00bb40px\u00bb _builder_version=\u00bb4.27.4&#8243; _module_preset=\u00bbdefault\u00bb header_font=\u00bbDM Sans|500|||||||\u00bb header_text_color=\u00bb#212121&#8243; body_font=\u00bbInter|300|||||||\u00bb body_text_color=\u00bb#757575&#8243; hover_enabled=\u00bb0&#8243; icon_font_size=\u00bb40px\u00bb global_colors_info=\u00bb{}\u00bb sticky_enabled=\u00bb0&#8243; theme_builder_area=\u00bbpost_content\u00bb locked=\u00bboff\u00bb icon_color=\u00bb#c3b8a8&#8243; header_font_size=\u00bb18px\u00bb]<\/p>\n<p>Refinamos la soluci\u00f3n o preparamos su transici\u00f3n hacia una versi\u00f3n final.<\/p>\n<p>[\/et_pb_blurb][\/et_pb_column][\/et_pb_row][\/et_pb_section][et_pb_section fb_built=\u00bb1&#8243; _builder_version=\u00bb4.27.4&#8243; _module_preset=\u00bbdefault\u00bb animation_style=\u00bbflip\u00bb hover_enabled=\u00bb0&#8243; global_colors_info=\u00bb{}\u00bb sticky_enabled=\u00bb0&#8243;][et_pb_row column_structure=\u00bb1_2,1_2&#8243; _builder_version=\u00bb4.27.4&#8243; _module_preset=\u00bbdefault\u00bb global_colors_info=\u00bb{}\u00bb][et_pb_column type=\u00bb1_2&#8243; _builder_version=\u00bb4.27.4&#8243; _module_preset=\u00bbdefault\u00bb global_colors_info=\u00bb{}\u00bb][et_pb_image src=\u00bbhttps:\/\/jazar-systems.com\/mx\/wp-content\/uploads\/2025\/06\/inteklab_icon5.png\u00bb title_text=\u00bbinteklab_icon5&#8243; _builder_version=\u00bb4.27.4&#8243; _module_preset=\u00bbdefault\u00bb width=\u00bb300px\u00bb module_alignment=\u00bbcenter\u00bb global_colors_info=\u00bb{}\u00bb][\/et_pb_image][\/et_pb_column][et_pb_column type=\u00bb1_2&#8243; _builder_version=\u00bb4.27.4&#8243; _module_preset=\u00bbdefault\u00bb global_colors_info=\u00bb{}\u00bb][et_pb_text _builder_version=\u00bb4.27.4&#8243; _module_preset=\u00bbdefault\u00bb text_font=\u00bbDM Sans|500|||||||\u00bb text_text_color=\u00bb#212121&#8243; text_font_size=\u00bb40px\u00bb text_line_height=\u00bb1em\u00bb text_orientation=\u00bbright\u00bb module_alignment=\u00bbright\u00bb animation_style=\u00bbflip\u00bb hover_enabled=\u00bb0&#8243; text_orientation_tablet=\u00bbleft\u00bb text_orientation_phone=\u00bbleft\u00bb text_orientation_last_edited=\u00bbon|desktop\u00bb locked=\u00bboff\u00bb global_colors_info=\u00bb{}\u00bb sticky_enabled=\u00bb0&#8243;]<\/p>\n<p style=\"text-align: right;\">\u00bfPor qu\u00e9 elegir a <span style=\"color: #757575;\">IntekLab<\/span>?<\/p>\n<p>[\/et_pb_text][et_pb_text content_tablet=\u00bb<\/p>\n<p style=%22text-align: right;%22>Hablemos y creemos juntos algo extraordinario.<\/p>\n<p>\u00bb content_phone=\u00bb<\/p>\n<p style=%22text-align: right;%22>Hablemos y creemos juntos algo extraordinario.<\/p>\n<p>\u00bb content_last_edited=\u00bboff|desktop\u00bb _builder_version=\u00bb4.27.4&#8243; _module_preset=\u00bbdefault\u00bb text_font=\u00bbInter|300|||||||\u00bb text_text_color=\u00bb#2c2c2c\u00bb text_font_size=\u00bb20px\u00bb text_line_height=\u00bb1em\u00bb text_orientation=\u00bbright\u00bb module_alignment=\u00bbright\u00bb animation_style=\u00bbflip\u00bb hover_enabled=\u00bb0&#8243; locked=\u00bboff\u00bb global_colors_info=\u00bb{}\u00bb sticky_enabled=\u00bb0&#8243;]<\/p>\n<p>En IntekLab transformamos ideas en prototipos funcionales mediante tecnolog\u00eda inteligente, <span style=\"color: #c3b8a8;\">automatizaci\u00f3n<\/span> y eficiencia energ\u00e9tica.<\/p>\n<p>Nos destacamos por nuestro enfoque personalizado,<span style=\"color: #757575;\"> desarrollo \u00e1gil<\/span>, y un equipo multidisciplinario comprometido con soluciones reales y medibles.<\/p>\n<p>\u00bfTienes una <span style=\"color: #757575;\">idea<\/span> o <span style=\"color: #c3b8a8;\">reto <\/span>tecnol\u00f3gico?<\/p>\n<p>[\/et_pb_text][et_pb_button button_url=\u00bbhttps:\/\/jazar-systems.com\/mx\/contacto\/\u00bb url_new_window=\u00bbon\u00bb button_text=\u00bbCont\u00e1ctanos\u00bb button_alignment=\u00bbright\u00bb _builder_version=\u00bb4.27.4&#8243; _module_preset=\u00bbdefault\u00bb custom_button=\u00bbon\u00bb button_text_size=\u00bb15px\u00bb button_text_color=\u00bb#FFFFFF\u00bb button_bg_color=\u00bb#757575&#8243; button_border_color=\u00bb#757575&#8243; button_border_radius=\u00bb20px\u00bb button_font=\u00bb|300|||||||\u00bb animation_style=\u00bbflip\u00bb locked=\u00bboff\u00bb global_colors_info=\u00bb{}\u00bb][\/et_pb_button][\/et_pb_column][\/et_pb_row][\/et_pb_section][et_pb_section fb_built=\u00bb1&#8243; _builder_version=\u00bb4.27.4&#8243; _module_preset=\u00bbdefault\u00bb background_image=\u00bbhttps:\/\/jazar-systems.com\/mx\/wp-content\/uploads\/2025\/06\/inteklab_background.png\u00bb min_height=\u00bb300px\u00bb min_height_tablet=\u00bb300px\u00bb min_height_phone=\u00bb300px\u00bb min_height_last_edited=\u00bbon|phone\u00bb animation_style=\u00bbflip\u00bb hover_enabled=\u00bb0&#8243; locked=\u00bboff\u00bb global_colors_info=\u00bb{}\u00bb sticky_enabled=\u00bb0&#8243;][\/et_pb_section][et_pb_section fb_built=\u00bb1&#8243; _builder_version=\u00bb4.27.4&#8243; _module_preset=\u00bbdefault\u00bb animation_style=\u00bbflip\u00bb hover_enabled=\u00bb0&#8243; global_colors_info=\u00bb{}\u00bb sticky_enabled=\u00bb0&#8243;][et_pb_row _builder_version=\u00bb4.27.4&#8243; _module_preset=\u00bbdefault\u00bb global_colors_info=\u00bb{}\u00bb][et_pb_column type=\u00bb4_4&#8243; _builder_version=\u00bb4.27.4&#8243; _module_preset=\u00bbdefault\u00bb global_colors_info=\u00bb{}\u00bb][et_pb_text _builder_version=\u00bb4.27.4&#8243; _module_preset=\u00bbdefault\u00bb text_font=\u00bbDM Sans|500|||||||\u00bb text_text_color=\u00bb#212121&#8243; text_font_size=\u00bb40px\u00bb text_line_height=\u00bb1em\u00bb text_orientation=\u00bbright\u00bb module_alignment=\u00bbright\u00bb animation_style=\u00bbflip\u00bb text_orientation_tablet=\u00bbleft\u00bb text_orientation_phone=\u00bbleft\u00bb text_orientation_last_edited=\u00bbon|desktop\u00bb locked=\u00bboff\u00bb global_colors_info=\u00bb{}\u00bb]<\/p>\n<p style=\"text-align: center;\">Cada proyecto es una oportunidad para <span style=\"color: #c3b8a8;\">explorar<\/span>, aprender y <span style=\"color: #757575;\">transformar<\/span>.<\/p>\n<p>[\/et_pb_text][et_pb_text content_tablet=\u00bb<\/p>\n<p style=%22text-align: justify;%22>Todos los productos de <span style=%22color: #757575;%22>INTEK Lab<\/span> son dise\u00f1ados y construidos bajo el marco metodol\u00f3gico, \u00e9tico y t\u00e9cnico de Jazar Systems, nuestra empresa matriz.<\/p>\n<p>\u00bb content_phone=\u00bb<\/p>\n<p style=%22text-align: justify;%22>Todos los productos de <span style=%22color: #757575;%22>INTEK Lab<\/span> son dise\u00f1ados y construidos bajo el marco metodol\u00f3gico, \u00e9tico y t\u00e9cnico de Jazar Systems, nuestra empresa matriz.<\/p>\n<p>\u00bb content_last_edited=\u00bbon|phone\u00bb _builder_version=\u00bb4.27.4&#8243; _module_preset=\u00bbdefault\u00bb text_font=\u00bbInter|300|||||||\u00bb text_text_color=\u00bb#2c2c2c\u00bb text_font_size=\u00bb20px\u00bb text_line_height=\u00bb1em\u00bb text_orientation=\u00bbright\u00bb module_alignment=\u00bbright\u00bb animation_style=\u00bbflip\u00bb locked=\u00bboff\u00bb global_colors_info=\u00bb{}\u00bb]<\/p>\n<p style=\"text-align: justify;\">Todos los productos de <span style=\"color: #757575;\">INTEK Lab<\/span> son dise\u00f1ados y construidos bajo el marco metodol\u00f3gico, \u00e9tico y t\u00e9cnico de Jazar Systems, nuestra empresa matriz.<\/p>\n<p>[\/et_pb_text][et_pb_image src=\u00bbhttps:\/\/jazar-systems.com\/mx\/wp-content\/uploads\/2025\/06\/jazar-logo-black.png\u00bb title_text=\u00bbjazar logo black\u00bb align=\u00bbcenter\u00bb align_tablet=\u00bbcenter\u00bb align_phone=\u00bbcenter\u00bb align_last_edited=\u00bbon|phone\u00bb _builder_version=\u00bb4.27.4&#8243; _module_preset=\u00bbdefault\u00bb width=\u00bb400px\u00bb width_tablet=\u00bb300px\u00bb width_phone=\u00bb200px\u00bb width_last_edited=\u00bbon|phone\u00bb module_alignment=\u00bbcenter\u00bb custom_margin=\u00bb||||false|false\u00bb custom_padding=\u00bb40px||40px||false|false\u00bb global_colors_info=\u00bb{}\u00bb][\/et_pb_image][et_pb_button button_url=\u00bbhttps:\/\/jazar-systems.com\/mx\/contacto\/\u00bb url_new_window=\u00bbon\u00bb button_text=\u00bbCont\u00e1ctanos\u00bb button_alignment=\u00bbcenter\u00bb _builder_version=\u00bb4.27.4&#8243; _module_preset=\u00bbdefault\u00bb custom_button=\u00bbon\u00bb button_text_size=\u00bb15px\u00bb button_text_color=\u00bb#FFFFFF\u00bb button_bg_color=\u00bb#757575&#8243; button_border_color=\u00bb#757575&#8243; button_border_radius=\u00bb20px\u00bb button_font=\u00bb|300|||||||\u00bb animation_style=\u00bbflip\u00bb locked=\u00bboff\u00bb global_colors_info=\u00bb{}\u00bb][\/et_pb_button][\/et_pb_column][\/et_pb_row][\/et_pb_section]<\/p>\n","protected":false},"excerpt":{"rendered":"<p>IntekLabDonde la innovaci\u00f3n se convierte en tecnolog\u00eda aplicada.Desarrollo de sistemas ciberf\u00edsicos, dom\u00f3tica, automatizaci\u00f3n inteligente y energ\u00eda sustentable.Dom\u00f3ticaImpresi\u00f3n 3DElectr\u00f3nicaEnerg\u00edasRenovablesTodos nuestros servicios a tu disposici\u00f3n. Desarrollamos soluciones inteligentes con impacto real. Tecnolog\u00eda aplicada a la automatizaci\u00f3n, mantenimiento y optimizaci\u00f3n sistemas integrados de automatizaci\u00f3n y energ\u00eda sustentable.De la idea a la innovaci\u00f3n: Nuestro proceso para prototipar soluciones inteligentesEn [&hellip;]<\/p>\n","protected":false},"author":1,"featured_media":0,"parent":0,"menu_order":0,"comment_status":"closed","ping_status":"closed","template":"","meta":{"_et_pb_use_builder":"on","_et_pb_old_content":"<!-- wp:divi\/placeholder \/-->","_et_gb_content_width":"","footnotes":""},"class_list":["post-1314","page","type-page","status-publish","hentry"],"_links":{"self":[{"href":"https:\/\/jazar-systems.com\/mx\/wp-json\/wp\/v2\/pages\/1314","targetHints":{"allow":["GET"]}}],"collection":[{"href":"https:\/\/jazar-systems.com\/mx\/wp-json\/wp\/v2\/pages"}],"about":[{"href":"https:\/\/jazar-systems.com\/mx\/wp-json\/wp\/v2\/types\/page"}],"author":[{"embeddable":true,"href":"https:\/\/jazar-systems.com\/mx\/wp-json\/wp\/v2\/users\/1"}],"replies":[{"embeddable":true,"href":"https:\/\/jazar-systems.com\/mx\/wp-json\/wp\/v2\/comments?post=1314"}],"version-history":[{"count":50,"href":"https:\/\/jazar-systems.com\/mx\/wp-json\/wp\/v2\/pages\/1314\/revisions"}],"predecessor-version":[{"id":1442,"href":"https:\/\/jazar-systems.com\/mx\/wp-json\/wp\/v2\/pages\/1314\/revisions\/1442"}],"wp:attachment":[{"href":"https:\/\/jazar-systems.com\/mx\/wp-json\/wp\/v2\/media?parent=1314"}],"curies":[{"name":"wp","href":"https:\/\/api.w.org\/{rel}","templated":true}]}}