{"id":1006,"date":"2020-12-07T18:04:53","date_gmt":"2020-12-07T18:04:53","guid":{"rendered":"https:\/\/jazar-systems.com\/mx\/?page_id=1006"},"modified":"2025-05-20T18:30:32","modified_gmt":"2025-05-20T18:30:32","slug":"cfdi-reader","status":"publish","type":"page","link":"https:\/\/jazar-systems.com\/mx\/cfdi-reader\/","title":{"rendered":"CFDI Reader"},"content":{"rendered":"<p>[et_pb_section fb_built=\u00bb1&#8243; _builder_version=\u00bb4.27.4&#8243; _module_preset=\u00bbdefault\u00bb background_image=\u00bbhttps:\/\/jazar-systems.com\/mx\/wp-content\/uploads\/2025\/05\/testeo.png\u00bb width_tablet=\u00bb\u00bb width_phone=\u00bb\u00bb width_last_edited=\u00bbon|tablet\u00bb module_alignment=\u00bbcenter\u00bb min_height=\u00bb450px\u00bb min_height_tablet=\u00bb250px\u00bb min_height_phone=\u00bb\u00bb min_height_last_edited=\u00bbon|phone\u00bb locked=\u00bboff\u00bb global_colors_info=\u00bb{}\u00bb min_height__hover_enabled=\u00bboff|desktop\u00bb][et_pb_row _builder_version=\u00bb4.27.4&#8243; _module_preset=\u00bbdefault\u00bb global_colors_info=\u00bb{}\u00bb][et_pb_column type=\u00bb4_4&#8243; _builder_version=\u00bb4.27.4&#8243; _module_preset=\u00bbdefault\u00bb global_colors_info=\u00bb{}\u00bb][et_pb_text _builder_version=\u00bb4.27.4&#8243; _module_preset=\u00bbdefault\u00bb text_font=\u00bbSource Serif Pro||||||||\u00bb text_text_color=\u00bb#757575&#8243; text_font_size=\u00bb40px\u00bb text_line_height=\u00bb1em\u00bb text_orientation=\u00bbcenter\u00bb animation_style=\u00bbflip\u00bb global_colors_info=\u00bb{}\u00bb]<\/p>\n<p>CFDI <span style=\"color: #000000;\">Reader <\/span>&lt;\/&gt;<\/p>\n<p>[\/et_pb_text][et_pb_text _builder_version=\u00bb4.27.4&#8243; _module_preset=\u00bbdefault\u00bb text_font=\u00bbLibre Franklin|300|||||||\u00bb text_text_color=\u00bb#212121&#8243; text_font_size=\u00bb20px\u00bb text_line_height=\u00bb1em\u00bb text_orientation=\u00bbcenter\u00bb custom_margin=\u00bb0px||5px||false|false\u00bb animation_style=\u00bbflip\u00bb global_colors_info=\u00bb{}\u00bb]<\/p>\n<p>Tus facturas a Excel <strong>\u00a1GRATIS!<\/strong><\/p>\n<p>[\/et_pb_text][et_pb_text _builder_version=\u00bb4.27.4&#8243; _module_preset=\u00bbdefault\u00bb text_font=\u00bbLibre Franklin|300|||||||\u00bb text_text_color=\u00bb#212121&#8243; text_font_size=\u00bb20px\u00bb text_line_height=\u00bb1em\u00bb text_orientation=\u00bbcenter\u00bb animation_style=\u00bbflip\u00bb locked=\u00bboff\u00bb global_colors_info=\u00bb{}\u00bb]<\/p>\n<p>Hasta 8 diferentes reportes de tus CFDI.<\/p>\n<p>[\/et_pb_text][\/et_pb_column][\/et_pb_row][\/et_pb_section][et_pb_section fb_built=\u00bb1&#8243; _builder_version=\u00bb4.16&#8243; _module_preset=\u00bbdefault\u00bb custom_margin=\u00bb-30px|||||\u00bb custom_padding=\u00bb0px||0px|||\u00bb global_colors_info=\u00bb{}\u00bb][et_pb_row column_structure=\u00bb1_3,2_3&#8243; _builder_version=\u00bb4.16&#8243; _module_preset=\u00bbdefault\u00bb global_colors_info=\u00bb{}\u00bb][et_pb_column type=\u00bb1_3&#8243; _builder_version=\u00bb4.16&#8243; _module_preset=\u00bbdefault\u00bb global_colors_info=\u00bb{}\u00bb][et_pb_blurb title=\u00bbINSTRUCCI\u00d3NES\u00bb use_icon=\u00bbon\u00bb font_icon=\u00bb&#xe610;||divi||400&#8243; icon_color=\u00bb#757575&#8243; icon_placement=\u00bbleft\u00bb _builder_version=\u00bb4.27.4&#8243; _module_preset=\u00bbdefault\u00bb header_font=\u00bbSource Serif Pro||||||||\u00bb custom_margin=\u00bb||||false|false\u00bb global_colors_info=\u00bb{}\u00bb][\/et_pb_blurb][et_pb_blurb title=\u00bbPrepara archivo ZIP\u00bb use_icon=\u00bbon\u00bb font_icon=\u00bb&#x45;||divi||400&#8243; icon_color=\u00bb#757575&#8243; icon_placement=\u00bbleft\u00bb _builder_version=\u00bb4.27.4&#8243; _module_preset=\u00bbdefault\u00bb header_font=\u00bbSource Serif Pro||||||||\u00bb header_text_color=\u00bb#212121&#8243; body_font=\u00bbLibre Franklin||||||||\u00bb body_text_color=\u00bb#757575&#8243; global_colors_info=\u00bb{}\u00bb]<\/p>\n<p>Recupera el archivo de descarga masiva del SAT o bien inserta los archivos XML de tus CFDI en un archivo ZIP sin subcapertas.<\/p>\n<p>[\/et_pb_blurb][et_pb_blurb title=\u00bbIntroduce RFC \u00bb use_icon=\u00bbon\u00bb font_icon=\u00bb&#x45;||divi||400&#8243; icon_color=\u00bb#757575&#8243; icon_placement=\u00bbleft\u00bb _builder_version=\u00bb4.16&#8243; _module_preset=\u00bbdefault\u00bb header_font=\u00bbSource Serif Pro||||||||\u00bb header_text_color=\u00bb#212121&#8243; body_font=\u00bbLibre Franklin||||||||\u00bb body_text_color=\u00bb#757575&#8243; global_colors_info=\u00bb{}\u00bb]<\/p>\n<p>Introduce el RFC correspondiente al Contribuyente al que le pertenecen los CFDI.<\/p>\n<p>[\/et_pb_blurb][et_pb_blurb title=\u00bbIntroduce archivo ZIP\u00bb use_icon=\u00bbon\u00bb font_icon=\u00bb&#x45;||divi||400&#8243; icon_color=\u00bb#757575&#8243; icon_placement=\u00bbleft\u00bb _builder_version=\u00bb4.16&#8243; _module_preset=\u00bbdefault\u00bb header_font=\u00bbSource Serif Pro||||||||\u00bb header_text_color=\u00bb#212121&#8243; body_font=\u00bbLibre Franklin||||||||\u00bb body_text_color=\u00bb#757575&#8243; global_colors_info=\u00bb{}\u00bb]<\/p>\n<p>Busca la ubicaci\u00f3n de tu archivo ZIP preparado y selecci\u00f3nalo.<\/p>\n<p>[\/et_pb_blurb][et_pb_blurb title=\u00bbIntroduce Correo Electr\u00f3nico \u00bb use_icon=\u00bbon\u00bb font_icon=\u00bb&#x45;||divi||400&#8243; icon_color=\u00bb#757575&#8243; icon_placement=\u00bbleft\u00bb _builder_version=\u00bb4.16&#8243; _module_preset=\u00bbdefault\u00bb header_font=\u00bbSource Serif Pro||||||||\u00bb header_text_color=\u00bb#212121&#8243; body_font=\u00bbLibre Franklin||||||||\u00bb body_text_color=\u00bb#757575&#8243; global_colors_info=\u00bb{}\u00bb]<\/p>\n<p>Introduce un correo electr\u00f3nico valido y si lo deseas suscr\u00edbete a nuestro Newsletter para recibir informaci\u00f3n sobre actualizaciones y promociones.<\/p>\n<p>[\/et_pb_blurb][et_pb_blurb title=\u00bbResuelve el reCapcha\u00bb use_icon=\u00bbon\u00bb font_icon=\u00bb&#x45;||divi||400&#8243; icon_color=\u00bb#757575&#8243; icon_placement=\u00bbleft\u00bb _builder_version=\u00bb4.16&#8243; _module_preset=\u00bbdefault\u00bb header_font=\u00bbSource Serif Pro||||||||\u00bb header_text_color=\u00bb#212121&#8243; body_font=\u00bbLibre Franklin||||||||\u00bb body_text_color=\u00bb#757575&#8243; global_colors_info=\u00bb{}\u00bb]<\/p>\n<p>Da click en \u00abNo soy un robot\u00bb resuelve correctamente el capcha y da click en \u00abContinuar\u00bb.<\/p>\n<p>[\/et_pb_blurb][et_pb_blurb title=\u00bbResumen de archivos \u00bb use_icon=\u00bbon\u00bb font_icon=\u00bb&#x45;||divi||400&#8243; icon_color=\u00bb#757575&#8243; icon_placement=\u00bbleft\u00bb _builder_version=\u00bb4.16&#8243; _module_preset=\u00bbdefault\u00bb header_font=\u00bbSource Serif Pro||||||||\u00bb header_text_color=\u00bb#212121&#8243; body_font=\u00bbLibre Franklin||||||||\u00bb body_text_color=\u00bb#757575&#8243; global_colors_info=\u00bb{}\u00bb]<\/p>\n<p>La p\u00e1gina dar\u00e1 un resumen con lo sucedido con tus archivos CFDI y si son v\u00e1lidos puedes descargar el reporte de tu preferencia.<\/p>\n<p>[\/et_pb_blurb][et_pb_blurb title=\u00bb\u00a1Gracias por usar CFDI Reader!\u00bb use_icon=\u00bbon\u00bb font_icon=\u00bb&#x45;||divi||400&#8243; icon_color=\u00bb#757575&#8243; icon_placement=\u00bbleft\u00bb _builder_version=\u00bb4.16&#8243; _module_preset=\u00bbdefault\u00bb header_font=\u00bbSource Serif Pro||||||||\u00bb header_text_color=\u00bb#212121&#8243; body_font=\u00bbLibre Franklin||||||||\u00bb body_text_color=\u00bb#757575&#8243; global_colors_info=\u00bb{}\u00bb]<\/p>\n<p>Si quieres utilizar otro RFC u cambiar de archivo. Presiona el bot\u00f3n \u00abVolver\u00bb y repite los pasos anteriores.<\/p>\n<p>[\/et_pb_blurb][\/et_pb_column][et_pb_column type=\u00bb2_3&#8243; _builder_version=\u00bb4.16&#8243; _module_preset=\u00bbdefault\u00bb global_colors_info=\u00bb{}\u00bb][et_pb_code _builder_version=\u00bb4.27.4&#8243; _module_preset=\u00bbdefault\u00bb global_colors_info=\u00bb{}\u00bb]<iframe loading=\"lazy\" width=\"100%\" height=\"850\" src=\"https:\/\/www.jazar-systems.com\/apps\/cfdireader\/\"><\/iframe>[\/et_pb_code][\/et_pb_column][\/et_pb_row][et_pb_row _builder_version=\u00bb4.16&#8243; _module_preset=\u00bbdefault\u00bb global_colors_info=\u00bb{}\u00bb column_structure=\u00bb1_2,1_2&#8243;][et_pb_column type=\u00bb1_2&#8243; _builder_version=\u00bb4.16&#8243; _module_preset=\u00bbdefault\u00bb global_colors_info=\u00bb{}\u00bb][et_pb_blurb title=\u00bbS\u00edguenos \/ Cont\u00e1ctanos\u00bb use_icon=\u00bbon\u00bb font_icon=\u00bb&#xf103;||fa||900&#8243; icon_color=\u00bb#757575&#8243; icon_placement=\u00bbleft\u00bb image_icon_width=\u00bb40px\u00bb _builder_version=\u00bb4.27.4&#8243; _module_preset=\u00bbdefault\u00bb header_font=\u00bbLibre Franklin|700|||||||\u00bb header_text_color=\u00bb#212121&#8243; body_font=\u00bbOpen Sans||||||||\u00bb body_text_color=\u00bb#757575&#8243; hover_enabled=\u00bb0&#8243; icon_font_size=\u00bb40px\u00bb global_colors_info=\u00bb{}\u00bb locked=\u00bboff\u00bb module_alignment=\u00bbleft\u00bb sticky_enabled=\u00bb0&#8243;]<\/p>\n<p>En nuestras redes sociales<\/p>\n<p>[\/et_pb_blurb][et_pb_code _builder_version=\u00bb4.27.4&#8243; _module_preset=\u00bbdefault\u00bb hover_enabled=\u00bb0&#8243; global_colors_info=\u00bb{}\u00bb sticky_enabled=\u00bb0&#8243;]<iframe loading=\"lazy\" width=\"100%\" height=\"70\" src=\"https:\/\/jazar-systems.com\/contacto\/facebook-button.php\"><\/iframe>[\/et_pb_code][\/et_pb_column][et_pb_column type=\u00bb1_2&#8243; _builder_version=\u00bb4.16&#8243; _module_preset=\u00bbdefault\u00bb global_colors_info=\u00bb{}\u00bb][\/et_pb_column][\/et_pb_row][\/et_pb_section][et_pb_section fb_built=\u00bb1&#8243; disabled_on=\u00bbon|on|on\u00bb admin_label=\u00bbFrequently Asked Questions\u00bb _builder_version=\u00bb4.16&#8243; background_color=\u00bb#f8fbfe\u00bb custom_padding=\u00bb0px|0px|100px|0px||\u00bb disabled=\u00bbon\u00bb global_colors_info=\u00bb{}\u00bb][et_pb_row _builder_version=\u00bb4.16&#8243; global_colors_info=\u00bb{}\u00bb][et_pb_column type=\u00bb4_4&#8243; _builder_version=\u00bb4.16&#8243; custom_padding=\u00bb|||\u00bb global_colors_info=\u00bb{}\u00bb custom_padding__hover=\u00bb|||\u00bb][et_pb_text _builder_version=\u00bb4.16&#8243; text_font=\u00bbNunito Sans||||||||\u00bb text_text_color=\u00bb#959baf\u00bb text_font_size=\u00bb18px\u00bb text_line_height=\u00bb1.8em\u00bb header_font=\u00bb||||||||\u00bb header_text_align=\u00bbleft\u00bb header_text_color=\u00bb#535b7c\u00bb header_font_size=\u00bb45px\u00bb header_line_height=\u00bb1.4em\u00bb header_2_font=\u00bbNunito Sans|700|||||||\u00bb header_2_text_color=\u00bb#535b7c\u00bb header_2_font_size=\u00bb35px\u00bb header_2_line_height=\u00bb1.3em\u00bb text_orientation=\u00bbcenter\u00bb max_width=\u00bb700px\u00bb module_alignment=\u00bbcenter\u00bb global_colors_info=\u00bb{}\u00bb]<\/p>\n<h2>Preguntas frecuentes<\/h2>\n<p>Lorem ipsum dolor sit amet, consectetuer adipiscing elit, sed diam nonummy nibh euismod tincidunt ut laoreet dolore magna.<\/p>\n<p>[\/et_pb_text][\/et_pb_column][\/et_pb_row][et_pb_row column_structure=\u00bb1_2,1_2&#8243; use_custom_gutter=\u00bbon\u00bb gutter_width=\u00bb2&#8243; _builder_version=\u00bb4.16&#8243; custom_padding=\u00bb15px||15px|\u00bb global_colors_info=\u00bb{}\u00bb][et_pb_column type=\u00bb1_2&#8243; _builder_version=\u00bb4.16&#8243; background_color_gradient_direction=\u00bb243deg\u00bb custom_padding=\u00bb|||\u00bb global_colors_info=\u00bb{}\u00bb custom_padding__hover=\u00bb|||\u00bb][et_pb_blurb title=\u00bbWhy Content Management Is So Necessary?\u00bb icon_placement=\u00bbleft\u00bb content_max_width=\u00bb470px\u00bb _builder_version=\u00bb4.16&#8243; header_font=\u00bbNunito Sans|600|||||||\u00bb header_text_align=\u00bbleft\u00bb header_text_color=\u00bb#535b7c\u00bb header_line_height=\u00bb1.4em\u00bb body_font=\u00bbNunito Sans||||||||\u00bb body_text_align=\u00bbleft\u00bb body_text_color=\u00bb#959baf\u00bb body_font_size=\u00bb16px\u00bb background_color=\u00bb#ffffff\u00bb text_orientation=\u00bbcenter\u00bb custom_margin=\u00bb||6%|\u00bb custom_padding=\u00bb40px|20px|40px|20px\u00bb animation_style=\u00bbzoom\u00bb animation_intensity_zoom=\u00bb5%\u00bb border_radii=\u00bbon|4px|4px|4px|4px\u00bb border_width_top=\u00bb6px\u00bb border_color_top=\u00bb#3D72E7&#8243; box_shadow_style=\u00bbpreset3&#8243; box_shadow_color=\u00bbrgba(34,56,101,0.12)\u00bb global_colors_info=\u00bb{}\u00bb] Lorem ipsum dolor sit amet, consectetur adipiscing elit, sed do eiusmod tempor incididunt ut labore et dolore magna aliqua. Ut enim ad minim veniam, quis nostrud exe. [\/et_pb_blurb][et_pb_blurb title=\u00bbHow To Get Started With it?\u00bb icon_placement=\u00bbleft\u00bb content_max_width=\u00bb470px\u00bb _builder_version=\u00bb4.16&#8243; header_font=\u00bbNunito Sans|600|||||||\u00bb header_text_align=\u00bbleft\u00bb header_text_color=\u00bb#535b7c\u00bb header_line_height=\u00bb1.4em\u00bb body_font=\u00bbNunito Sans||||||||\u00bb body_text_align=\u00bbleft\u00bb body_text_color=\u00bb#959baf\u00bb body_font_size=\u00bb16px\u00bb background_color=\u00bb#ffffff\u00bb text_orientation=\u00bbcenter\u00bb custom_margin=\u00bb||6%|\u00bb custom_padding=\u00bb40px|20px|40px|20px\u00bb animation_style=\u00bbzoom\u00bb animation_intensity_zoom=\u00bb5%\u00bb border_radii=\u00bbon|4px|4px|4px|4px\u00bb border_width_top=\u00bb6px\u00bb border_color_top=\u00bb#3D72E7&#8243; box_shadow_style=\u00bbpreset3&#8243; box_shadow_color=\u00bbrgba(34,56,101,0.12)\u00bb global_colors_info=\u00bb{}\u00bb]Lorem ipsum dolor sit amet, consectetur adipiscing elit, sed do eiusmod tempor incididunt ut labore et dolore magna aliqua.<br \/>\n[\/et_pb_blurb][et_pb_blurb title=\u00bbHelp Finding Information Online?\u00bb icon_placement=\u00bbleft\u00bb content_max_width=\u00bb470px\u00bb _builder_version=\u00bb4.16&#8243; header_font=\u00bbNunito Sans|600|||||||\u00bb header_text_align=\u00bbleft\u00bb header_text_color=\u00bb#535b7c\u00bb header_line_height=\u00bb1.4em\u00bb body_font=\u00bbNunito Sans||||||||\u00bb body_text_align=\u00bbleft\u00bb body_text_color=\u00bb#959baf\u00bb body_font_size=\u00bb16px\u00bb background_color=\u00bb#ffffff\u00bb text_orientation=\u00bbcenter\u00bb custom_margin=\u00bb||6%|\u00bb custom_padding=\u00bb40px|20px|40px|20px\u00bb animation_style=\u00bbzoom\u00bb animation_intensity_zoom=\u00bb5%\u00bb border_radii=\u00bbon|4px|4px|4px|4px\u00bb border_color_all=\u00bb#1e1584&#8243; border_width_top=\u00bb6px\u00bb border_color_top=\u00bb#3D72E7&#8243; box_shadow_style=\u00bbpreset3&#8243; box_shadow_color=\u00bbrgba(34,56,101,0.12)\u00bb locked=\u00bboff\u00bb global_colors_info=\u00bb{}\u00bb]Lorem ipsum dolor sit amet, consectetuer adipiscing elit, sed diam nonummy nibh euismod tincidunt ut laoreet dolore magna aliquam erat volutpat. Ut wisi enim ad minim veniam, quis nostrud exerci tation ullamcorper suscipit lobortis nisl ut aliquip ex ea commodo consequat.<br \/>\n[\/et_pb_blurb][\/et_pb_column][et_pb_column type=\u00bb1_2&#8243; _builder_version=\u00bb4.16&#8243; background_color_gradient_direction=\u00bb243deg\u00bb custom_padding=\u00bb|||\u00bb global_colors_info=\u00bb{}\u00bb custom_padding__hover=\u00bb|||\u00bb][et_pb_blurb title=\u00bbHow To Get Started With it?\u00bb icon_placement=\u00bbleft\u00bb content_max_width=\u00bb470px\u00bb _builder_version=\u00bb4.16&#8243; header_font=\u00bbNunito Sans|600|||||||\u00bb header_text_align=\u00bbleft\u00bb header_text_color=\u00bb#535b7c\u00bb header_line_height=\u00bb1.4em\u00bb body_font=\u00bbNunito Sans||||||||\u00bb body_text_align=\u00bbleft\u00bb body_text_color=\u00bb#959baf\u00bb body_font_size=\u00bb16px\u00bb background_color=\u00bb#ffffff\u00bb text_orientation=\u00bbcenter\u00bb custom_margin=\u00bb||6%|\u00bb custom_padding=\u00bb40px|20px|40px|20px\u00bb animation_style=\u00bbzoom\u00bb animation_intensity_zoom=\u00bb5%\u00bb border_radii=\u00bbon|4px|4px|4px|4px\u00bb border_color_all=\u00bb#1e1584&#8243; border_width_top=\u00bb6px\u00bb border_color_top=\u00bb#3D72E7&#8243; box_shadow_style=\u00bbpreset3&#8243; box_shadow_color=\u00bbrgba(34,56,101,0.12)\u00bb global_colors_info=\u00bb{}\u00bb]Lorem ipsum dolor sit amet, consectetur adipiscing elit, sed do eiusmod tempor incididunt ut labore et dolore magna aliqua.<br \/>\n[\/et_pb_blurb][et_pb_blurb title=\u00bbHelp Finding Information Online?\u00bb icon_placement=\u00bbleft\u00bb content_max_width=\u00bb470px\u00bb _builder_version=\u00bb4.16&#8243; header_font=\u00bbNunito Sans|600|||||||\u00bb header_text_align=\u00bbleft\u00bb header_text_color=\u00bb#535b7c\u00bb header_line_height=\u00bb1.4em\u00bb body_font=\u00bbNunito Sans||||||||\u00bb body_text_align=\u00bbleft\u00bb body_text_color=\u00bb#959baf\u00bb body_font_size=\u00bb16px\u00bb background_color=\u00bb#ffffff\u00bb text_orientation=\u00bbcenter\u00bb custom_margin=\u00bb||6%|\u00bb custom_padding=\u00bb40px|20px|40px|20px\u00bb animation_style=\u00bbzoom\u00bb animation_intensity_zoom=\u00bb5%\u00bb border_radii=\u00bbon|4px|4px|4px|4px\u00bb border_color_all=\u00bb#1e1584&#8243; border_width_top=\u00bb6px\u00bb border_color_top=\u00bb#3D72E7&#8243; box_shadow_style=\u00bbpreset3&#8243; box_shadow_color=\u00bbrgba(34,56,101,0.12)\u00bb global_colors_info=\u00bb{}\u00bb]Lorem ipsum dolor sit amet, consectetuer adipiscing elit, sed diam nonummy nibh euismod tincidunt ut laoreet dolore magna aliquam erat volutpat. Ut wisi enim ad minim veniam, quis nostrud exerci tation ullamcorper suscipit lobortis nisl ut aliquip ex ea commodo consequat.<br \/>\n[\/et_pb_blurb][et_pb_blurb title=\u00bbWhy Content Management Is So Necessary?\u00bb icon_placement=\u00bbleft\u00bb content_max_width=\u00bb470px\u00bb _builder_version=\u00bb4.16&#8243; header_font=\u00bbNunito Sans|600|||||||\u00bb header_text_align=\u00bbleft\u00bb header_text_color=\u00bb#535b7c\u00bb header_line_height=\u00bb1.4em\u00bb body_font=\u00bbNunito Sans||||||||\u00bb body_text_align=\u00bbleft\u00bb body_text_color=\u00bb#959baf\u00bb body_font_size=\u00bb16px\u00bb background_color=\u00bb#ffffff\u00bb text_orientation=\u00bbcenter\u00bb custom_margin=\u00bb||6%|\u00bb custom_padding=\u00bb40px|20px|40px|20px\u00bb animation_style=\u00bbzoom\u00bb animation_intensity_zoom=\u00bb5%\u00bb border_radii=\u00bbon|4px|4px|4px|4px\u00bb border_width_top=\u00bb6px\u00bb border_color_top=\u00bb#3D72E7&#8243; box_shadow_style=\u00bbpreset3&#8243; box_shadow_color=\u00bbrgba(34,56,101,0.12)\u00bb global_colors_info=\u00bb{}\u00bb] Lorem ipsum dolor sit amet, consectetur adipiscing elit, sed do eiusmod tempor incididunt ut labore et dolore magna aliqua. Ut enim ad minim veniam, quis nostrud exe. [\/et_pb_blurb][\/et_pb_column][\/et_pb_row][\/et_pb_section]<\/p>\n","protected":false},"excerpt":{"rendered":"<p>CFDI Reader &lt;\/&gt;Tus facturas a Excel \u00a1GRATIS!Hasta 8 diferentes reportes de tus CFDI.Recupera el archivo de descarga masiva del SAT o bien inserta los archivos XML de tus CFDI en un archivo ZIP sin subcapertas.Introduce el RFC correspondiente al Contribuyente al que le pertenecen los CFDI.Busca la ubicaci\u00f3n de tu archivo ZIP preparado y selecci\u00f3nalo.Introduce [&hellip;]<\/p>\n","protected":false},"author":1,"featured_media":0,"parent":0,"menu_order":0,"comment_status":"closed","ping_status":"closed","template":"","meta":{"_et_pb_use_builder":"on","_et_pb_old_content":"<!-- wp:divi\/placeholder \/-->","_et_gb_content_width":"","footnotes":""},"class_list":["post-1006","page","type-page","status-publish","hentry"],"_links":{"self":[{"href":"https:\/\/jazar-systems.com\/mx\/wp-json\/wp\/v2\/pages\/1006","targetHints":{"allow":["GET"]}}],"collection":[{"href":"https:\/\/jazar-systems.com\/mx\/wp-json\/wp\/v2\/pages"}],"about":[{"href":"https:\/\/jazar-systems.com\/mx\/wp-json\/wp\/v2\/types\/page"}],"author":[{"embeddable":true,"href":"https:\/\/jazar-systems.com\/mx\/wp-json\/wp\/v2\/users\/1"}],"replies":[{"embeddable":true,"href":"https:\/\/jazar-systems.com\/mx\/wp-json\/wp\/v2\/comments?post=1006"}],"version-history":[{"count":27,"href":"https:\/\/jazar-systems.com\/mx\/wp-json\/wp\/v2\/pages\/1006\/revisions"}],"predecessor-version":[{"id":1282,"href":"https:\/\/jazar-systems.com\/mx\/wp-json\/wp\/v2\/pages\/1006\/revisions\/1282"}],"wp:attachment":[{"href":"https:\/\/jazar-systems.com\/mx\/wp-json\/wp\/v2\/media?parent=1006"}],"curies":[{"name":"wp","href":"https:\/\/api.w.org\/{rel}","templated":true}]}}